{"id":1039,"date":"2023-06-28T15:54:59","date_gmt":"2023-06-28T13:54:59","guid":{"rendered":"http:\/\/www.la-petite-fabrique-de-site.com\/site-montjoie\/?page_id=1039"},"modified":"2025-08-04T19:36:58","modified_gmt":"2025-08-04T17:36:58","slug":"liste-des-sejours","status":"publish","type":"page","link":"http:\/\/www.la-petite-fabrique-de-site.com\/site-montjoie\/liste-des-sejours\/","title":{"rendered":"Liste des s\u00e9jours"},"content":{"rendered":"\n<div class=\"wp-block-uagb-container uagb-block-a9aed84c alignwide uagb-is-root-container\">\n<h2 class=\"wp-block-heading\">Liste des s\u00e9jours<\/h2>\n\n\n\n<div class=\"wp-block-columns is-layout-flex wp-container-core-columns-is-layout-28f84493 wp-block-columns-is-layout-flex\">\n<div class=\"wp-block-column is-layout-flow wp-block-column-is-layout-flow\" style=\"flex-basis:40%\">\n<figure class=\"wp-block-video aligncenter\"><video controls poster=\"http:\/\/www.la-petite-fabrique-de-site.com\/site-montjoie\/wp-content\/uploads\/2023\/06\/50-ans-montjoie.png\" preload=\"none\" src=\"http:\/\/www.assomontjoie.net\/wp-montjoie\/wp-content\/videos\/50-ans-montjoie.webm\"><\/video><\/figure>\n<\/div>\n\n\n\n<div class=\"wp-block-column is-layout-flow wp-block-column-is-layout-flow\" style=\"flex-basis:60%\">\n<iframe loading=\"lazy\" src=\"https:\/\/www.google.com\/maps\/d\/u\/0\/embed?mid=1u3RZRi6WXtR6hwmL4QfZ2rRfjTVDfwA&#038;ehbc=2E312F\" width=\"100%\" height=\"95%\"><\/iframe>\n<\/div>\n<\/div>\n\n\n\n<figure class=\"wp-block-table is-style-stripes\"><table><thead><tr><th class=\"has-text-align-center\" data-align=\"center\">Ann\u00e9es<\/th><th class=\"has-text-align-center\" data-align=\"center\">Colos<\/th><th class=\"has-text-align-center\" data-align=\"center\">Camps d&rsquo;ados<\/th><th class=\"has-text-align-center\" data-align=\"center\">S\u00e9jours familles<\/th><\/tr><\/thead><tbody><tr><td class=\"has-text-align-center\" data-align=\"center\">2025<\/td><td class=\"has-text-align-center\" data-align=\"center\">St Germain de Marencennes (17)<\/td><td class=\"has-text-align-center\" data-align=\"center\">Cl\u00e9cy <\/td><td class=\"has-text-align-center\" data-align=\"center\">Merville-Franceville<br>Veules les roses<\/td><\/tr><tr><td class=\"has-text-align-center\" data-align=\"center\">2024<\/td><td class=\"has-text-align-center\" data-align=\"center\">St Germain de Marencennes (17)<\/td><td class=\"has-text-align-center\" data-align=\"center\"><\/td><td class=\"has-text-align-center\" data-align=\"center\">Merville-Franceville<\/td><\/tr><tr><td class=\"has-text-align-center\" data-align=\"center\">2023<\/td><td class=\"has-text-align-center\" data-align=\"center\">St Germain de Marencennes (17)<\/td><td class=\"has-text-align-center\" data-align=\"center\"><\/td><td class=\"has-text-align-center\" data-align=\"center\">Veules les roses<\/td><\/tr><tr><td class=\"has-text-align-center\" data-align=\"center\">2022<\/td><td class=\"has-text-align-center\" data-align=\"center\">St Germain de Marencennes (17)<\/td><td class=\"has-text-align-center\" data-align=\"center\">Cl\u00e9cy <\/td><td class=\"has-text-align-center\" data-align=\"center\">Veules les roses<\/td><\/tr><tr><td class=\"has-text-align-center\" data-align=\"center\">2021<\/td><td class=\"has-text-align-center\" data-align=\"center\">St Germain de Marencennes (17)<\/td><td class=\"has-text-align-center\" data-align=\"center\"><\/td><td class=\"has-text-align-center\" data-align=\"center\">Veules les roses<\/td><\/tr><tr><td class=\"has-text-align-center\" data-align=\"center\">2020<\/td><td class=\"has-text-align-center\" data-align=\"center\">St Germain de Marencennes (17)<\/td><td class=\"has-text-align-center\" data-align=\"center\"><\/td><td class=\"has-text-align-center\" data-align=\"center\">St Valery-en-caux \/ Veules les roses<\/td><\/tr><tr><td class=\"has-text-align-center\" data-align=\"center\">2019<\/td><td class=\"has-text-align-center\" data-align=\"center\">St Germain de Marencennes (17)<\/td><td class=\"has-text-align-center\" data-align=\"center\"><\/td><td class=\"has-text-align-center\" data-align=\"center\">La Rochelle \/ Veules les roses<\/td><\/tr><tr><td class=\"has-text-align-center\" data-align=\"center\">2018<\/td><td class=\"has-text-align-center\" data-align=\"center\">St Germain de Marencennes (17)<\/td><td class=\"has-text-align-center\" data-align=\"center\"><\/td><td class=\"has-text-align-center\" data-align=\"center\">Veules les roses<\/td><\/tr><tr><td class=\"has-text-align-center\" data-align=\"center\">2017<\/td><td class=\"has-text-align-center\" data-align=\"center\">Montauban de Bretagne (35)<\/td><td class=\"has-text-align-center\" data-align=\"center\"><\/td><td class=\"has-text-align-center\" data-align=\"center\">Vierville sur mer<\/td><\/tr><tr><td class=\"has-text-align-center\" data-align=\"center\">2016<\/td><td class=\"has-text-align-center\" data-align=\"center\">Condat (15)<\/td><td class=\"has-text-align-center\" data-align=\"center\"><\/td><td class=\"has-text-align-center\" data-align=\"center\"><\/td><\/tr><tr><td class=\"has-text-align-center\" data-align=\"center\">2015<\/td><td class=\"has-text-align-center\" data-align=\"center\">Condat (15)<\/td><td class=\"has-text-align-center\" data-align=\"center\"><\/td><td class=\"has-text-align-center\" data-align=\"center\"><\/td><\/tr><tr><td class=\"has-text-align-center\" data-align=\"center\">2014<\/td><td class=\"has-text-align-center\" data-align=\"center\">Condat (15)<\/td><td class=\"has-text-align-center\" data-align=\"center\">Costa Brava<\/td><td class=\"has-text-align-center\" data-align=\"center\"><\/td><\/tr><tr><td class=\"has-text-align-center\" data-align=\"center\">2013<\/td><td class=\"has-text-align-center\" data-align=\"center\">La Faute Sur Mer (85)<\/td><td class=\"has-text-align-center\" data-align=\"center\">Costa Brava<\/td><td class=\"has-text-align-center\" data-align=\"center\"><\/td><\/tr><tr><td class=\"has-text-align-center\" data-align=\"center\">2012<\/td><td class=\"has-text-align-center\" data-align=\"center\">La Faute Sur Mer (85)<\/td><td class=\"has-text-align-center\" data-align=\"center\">Costa Brava<\/td><td class=\"has-text-align-center\" data-align=\"center\"><\/td><\/tr><tr><td class=\"has-text-align-center\" data-align=\"center\">2011<\/td><td class=\"has-text-align-center\" data-align=\"center\">Neussargues (15)<\/td><td class=\"has-text-align-center\" data-align=\"center\">Costa Brava<\/td><td class=\"has-text-align-center\" data-align=\"center\">Gu\u00e9rande \/ Port en Bessin<\/td><\/tr><tr><td class=\"has-text-align-center\" data-align=\"center\">2010<\/td><td class=\"has-text-align-center\" data-align=\"center\">Neussargues (15)<\/td><td class=\"has-text-align-center\" data-align=\"center\">Costa Brava<\/td><td class=\"has-text-align-center\" data-align=\"center\">Le Crotoy<\/td><\/tr><tr><td class=\"has-text-align-center\" data-align=\"center\">2009<\/td><td class=\"has-text-align-center\" data-align=\"center\">Neussargues (15)<\/td><td class=\"has-text-align-center\" data-align=\"center\">Costa Brava<\/td><td class=\"has-text-align-center\" data-align=\"center\">Saint Malo<\/td><\/tr><tr><td class=\"has-text-align-center\" data-align=\"center\">2008<\/td><td class=\"has-text-align-center\" data-align=\"center\">Neussargues (15)<\/td><td class=\"has-text-align-center\" data-align=\"center\">Costa Brava<\/td><td class=\"has-text-align-center\" data-align=\"center\"><\/td><\/tr><tr><td class=\"has-text-align-center\" data-align=\"center\">2007<\/td><td class=\"has-text-align-center\" data-align=\"center\">Neussargues (15)<\/td><td class=\"has-text-align-center\" data-align=\"center\">Lioret del mar<\/td><td class=\"has-text-align-center\" data-align=\"center\"><\/td><\/tr><tr><td class=\"has-text-align-center\" data-align=\"center\">2006<\/td><td class=\"has-text-align-center\" data-align=\"center\">Le Croisic (44)<\/td><td class=\"has-text-align-center\" data-align=\"center\">Lioret del mar<\/td><td class=\"has-text-align-center\" data-align=\"center\">Saint Malo<\/td><\/tr><tr><td class=\"has-text-align-center\" data-align=\"center\">2005<\/td><td class=\"has-text-align-center\" data-align=\"center\">Olonne sur mer (85)<\/td><td class=\"has-text-align-center\" data-align=\"center\">Oropesa del mar<\/td><td class=\"has-text-align-center\" data-align=\"center\">Saint Malo<\/td><\/tr><tr><td class=\"has-text-align-center\" data-align=\"center\">2004<\/td><td class=\"has-text-align-center\" data-align=\"center\">Olonne sur mer (85)<\/td><td class=\"has-text-align-center\" data-align=\"center\">Estartit<\/td><td class=\"has-text-align-center\" data-align=\"center\">Ch\u00e2teau la Valli\u00e8re<\/td><\/tr><tr><td class=\"has-text-align-center\" data-align=\"center\">2003<\/td><td class=\"has-text-align-center\" data-align=\"center\">Olonne sur mer (85)<\/td><td class=\"has-text-align-center\" data-align=\"center\">Saint Jean de Mont<\/td><td class=\"has-text-align-center\" data-align=\"center\"><\/td><\/tr><tr><td class=\"has-text-align-center\" data-align=\"center\">2002<\/td><td class=\"has-text-align-center\" data-align=\"center\">Olonne sur mer (85)<\/td><td class=\"has-text-align-center\" data-align=\"center\"><\/td><td class=\"has-text-align-center\" data-align=\"center\">Villers sur mer<\/td><\/tr><tr><td class=\"has-text-align-center\" data-align=\"center\">2001<\/td><td class=\"has-text-align-center\" data-align=\"center\">Olonne sur mer (85)<\/td><td class=\"has-text-align-center\" data-align=\"center\"><\/td><td class=\"has-text-align-center\" data-align=\"center\">Calvados<\/td><\/tr><tr><td class=\"has-text-align-center\" data-align=\"center\">2000<\/td><td class=\"has-text-align-center\" data-align=\"center\">Olonne sur mer (85)<\/td><td class=\"has-text-align-center\" data-align=\"center\"><\/td><td class=\"has-text-align-center\" data-align=\"center\">Olonne sur mer<\/td><\/tr><tr><td class=\"has-text-align-center\" data-align=\"center\">1999<\/td><td class=\"has-text-align-center\" data-align=\"center\">Saint Jean de Mont (85)<\/td><td class=\"has-text-align-center\" data-align=\"center\"><\/td><td class=\"has-text-align-center\" data-align=\"center\"><\/td><\/tr><tr><td class=\"has-text-align-center\" data-align=\"center\">1998<\/td><td class=\"has-text-align-center\" data-align=\"center\">Pouldreuzic (29)<\/td><td class=\"has-text-align-center\" data-align=\"center\">La mazure<\/td><td class=\"has-text-align-center\" data-align=\"center\">La mazure<\/td><\/tr><tr><td class=\"has-text-align-center\" data-align=\"center\">1997<\/td><td class=\"has-text-align-center\" data-align=\"center\">Pouldreuzic (29)<\/td><td class=\"has-text-align-center\" data-align=\"center\"><\/td><td class=\"has-text-align-center\" data-align=\"center\">La mazure<\/td><\/tr><tr><td class=\"has-text-align-center\" data-align=\"center\">1996<\/td><td class=\"has-text-align-center\" data-align=\"center\">Crozon (29)<\/td><td class=\"has-text-align-center\" data-align=\"center\"><\/td><td class=\"has-text-align-center\" data-align=\"center\"><\/td><\/tr><tr><td class=\"has-text-align-center\" data-align=\"center\">1995<\/td><td class=\"has-text-align-center\" data-align=\"center\">Crozon (29)<\/td><td class=\"has-text-align-center\" data-align=\"center\"><\/td><td class=\"has-text-align-center\" data-align=\"center\"><\/td><\/tr><tr><td class=\"has-text-align-center\" data-align=\"center\">1994<\/td><td class=\"has-text-align-center\" data-align=\"center\">Plouaret (22)<\/td><td class=\"has-text-align-center\" data-align=\"center\"><\/td><td class=\"has-text-align-center\" data-align=\"center\"><\/td><\/tr><tr><td class=\"has-text-align-center\" data-align=\"center\">1993<\/td><td class=\"has-text-align-center\" data-align=\"center\">Plouaret (22)<\/td><td class=\"has-text-align-center\" data-align=\"center\">Camp itin\u00e9rant C\u00f4te d&rsquo;Armor (Isabelle)<\/td><td class=\"has-text-align-center\" data-align=\"center\"><\/td><\/tr><tr><td class=\"has-text-align-center\" data-align=\"center\">1992<\/td><td class=\"has-text-align-center\" data-align=\"center\">Plouaret (22)<\/td><td class=\"has-text-align-center\" data-align=\"center\"><\/td><td class=\"has-text-align-center\" data-align=\"center\"><\/td><\/tr><tr><td class=\"has-text-align-center\" data-align=\"center\">1991<\/td><td class=\"has-text-align-center\" data-align=\"center\">Plouaret (22)<\/td><td class=\"has-text-align-center\" data-align=\"center\"><\/td><td class=\"has-text-align-center\" data-align=\"center\"><\/td><\/tr><tr><td class=\"has-text-align-center\" data-align=\"center\">1990<\/td><td class=\"has-text-align-center\" data-align=\"center\">Aber Wrach (29)<\/td><td class=\"has-text-align-center\" data-align=\"center\"><\/td><td class=\"has-text-align-center\" data-align=\"center\"><\/td><\/tr><tr><td class=\"has-text-align-center\" data-align=\"center\">1989<\/td><td class=\"has-text-align-center\" data-align=\"center\">Saint Hilaire de Riez (85)<\/td><td class=\"has-text-align-center\" data-align=\"center\"><\/td><td class=\"has-text-align-center\" data-align=\"center\"><\/td><\/tr><tr><td class=\"has-text-align-center\" data-align=\"center\">1988<\/td><td class=\"has-text-align-center\" data-align=\"center\">Saint Hilaire de Riez (85)<\/td><td class=\"has-text-align-center\" data-align=\"center\"><\/td><td class=\"has-text-align-center\" data-align=\"center\"><\/td><\/tr><tr><td class=\"has-text-align-center\" data-align=\"center\">1987<\/td><td class=\"has-text-align-center\" data-align=\"center\">Saint Hilaire de Riez (85)<\/td><td class=\"has-text-align-center\" data-align=\"center\"><\/td><td class=\"has-text-align-center\" data-align=\"center\"><\/td><\/tr><tr><td class=\"has-text-align-center\" data-align=\"center\">1986<\/td><td class=\"has-text-align-center\" data-align=\"center\">Pornic (44)<\/td><td class=\"has-text-align-center\" data-align=\"center\"><\/td><td class=\"has-text-align-center\" data-align=\"center\"><\/td><\/tr><tr><td class=\"has-text-align-center\" data-align=\"center\">1985<\/td><td class=\"has-text-align-center\" data-align=\"center\">Pornic (44)<\/td><td class=\"has-text-align-center\" data-align=\"center\"><\/td><td class=\"has-text-align-center\" data-align=\"center\"><\/td><\/tr><tr><td class=\"has-text-align-center\" data-align=\"center\">1984<\/td><td class=\"has-text-align-center\" data-align=\"center\">Grandris (69)<\/td><td class=\"has-text-align-center\" data-align=\"center\"><\/td><td class=\"has-text-align-center\" data-align=\"center\"><\/td><\/tr><tr><td class=\"has-text-align-center\" data-align=\"center\">1983<\/td><td class=\"has-text-align-center\" data-align=\"center\">Bourbriac (02)<\/td><td class=\"has-text-align-center\" data-align=\"center\">Val Cenis (73)<\/td><td class=\"has-text-align-center\" data-align=\"center\"><\/td><\/tr><tr><td class=\"has-text-align-center\" data-align=\"center\">1982<\/td><td class=\"has-text-align-center\" data-align=\"center\">Nantua (01)<\/td><td class=\"has-text-align-center\" data-align=\"center\"><\/td><td class=\"has-text-align-center\" data-align=\"center\"><\/td><\/tr><tr><td class=\"has-text-align-center\" data-align=\"center\">1981<\/td><td class=\"has-text-align-center\" data-align=\"center\">Nantua (01)<\/td><td class=\"has-text-align-center\" data-align=\"center\">Nantua (01)<\/td><td class=\"has-text-align-center\" data-align=\"center\"><\/td><\/tr><tr><td class=\"has-text-align-center\" data-align=\"center\">1980<\/td><td class=\"has-text-align-center\" data-align=\"center\">Nantua (01)<\/td><td class=\"has-text-align-center\" data-align=\"center\"><\/td><td class=\"has-text-align-center\" data-align=\"center\"><\/td><\/tr><tr><td class=\"has-text-align-center\" data-align=\"center\">1979<\/td><td class=\"has-text-align-center\" data-align=\"center\">Greux (55)<\/td><td class=\"has-text-align-center\" data-align=\"center\">Purifaing (88) et Gap-&gt;Nice<\/td><td class=\"has-text-align-center\" data-align=\"center\"><\/td><\/tr><tr><td class=\"has-text-align-center\" data-align=\"center\">1978<\/td><td class=\"has-text-align-center\" data-align=\"center\">Saint Claude (39)<\/td><td class=\"has-text-align-center\" data-align=\"center\">Seez (73)<\/td><td class=\"has-text-align-center\" data-align=\"center\"><\/td><\/tr><tr><td class=\"has-text-align-center\" data-align=\"center\">1977<\/td><td class=\"has-text-align-center\" data-align=\"center\">Nantua (01)<\/td><td class=\"has-text-align-center\" data-align=\"center\"><\/td><td class=\"has-text-align-center\" data-align=\"center\"><\/td><\/tr><tr><td class=\"has-text-align-center\" data-align=\"center\">1976<\/td><td class=\"has-text-align-center\" data-align=\"center\">Nantua (01)<\/td><td class=\"has-text-align-center\" data-align=\"center\"><\/td><td class=\"has-text-align-center\" data-align=\"center\"><\/td><\/tr><tr><td class=\"has-text-align-center\" data-align=\"center\">1975<\/td><td class=\"has-text-align-center\" data-align=\"center\">Champtocaux (49)<\/td><td class=\"has-text-align-center\" data-align=\"center\"><\/td><td class=\"has-text-align-center\" data-align=\"center\"><\/td><\/tr><tr><td class=\"has-text-align-center\" data-align=\"center\">1974<\/td><td class=\"has-text-align-center\" data-align=\"center\">Saint Sauveur Landelin (50)<\/td><td class=\"has-text-align-center\" data-align=\"center\"><\/td><td class=\"has-text-align-center\" data-align=\"center\"><\/td><\/tr><tr><td class=\"has-text-align-center\" data-align=\"center\">1973<\/td><td class=\"has-text-align-center\" data-align=\"center\">Maupertus (50)<\/td><td class=\"has-text-align-center\" data-align=\"center\"><\/td><td class=\"has-text-align-center\" data-align=\"center\"><\/td><\/tr><tr><td class=\"has-text-align-center\" data-align=\"center\">1972<\/td><td class=\"has-text-align-center\" data-align=\"center\">Fye la Route (72)<\/td><td class=\"has-text-align-center\" data-align=\"center\"><\/td><td class=\"has-text-align-center\" data-align=\"center\"><\/td><\/tr><tr><td class=\"has-text-align-center\" data-align=\"center\">1971<\/td><td class=\"has-text-align-center\" data-align=\"center\">Richemont Etagnac (16)<\/td><td class=\"has-text-align-center\" data-align=\"center\"><\/td><td class=\"has-text-align-center\" data-align=\"center\"><\/td><\/tr><tr><td class=\"has-text-align-center\" data-align=\"center\">1970<\/td><td class=\"has-text-align-center\" data-align=\"center\">Saules (52)<\/td><td class=\"has-text-align-center\" data-align=\"center\"><\/td><td class=\"has-text-align-center\" data-align=\"center\"><\/td><\/tr><tr><td class=\"has-text-align-center\" data-align=\"center\">1969<\/td><td class=\"has-text-align-center\" data-align=\"center\">Garnes (78) et Le Saussey (76)<\/td><td class=\"has-text-align-center\" data-align=\"center\"><\/td><td class=\"has-text-align-center\" data-align=\"center\"><\/td><\/tr><tr><td class=\"has-text-align-center\" data-align=\"center\">1968<\/td><td class=\"has-text-align-center\" data-align=\"center\">Sainte Bazeille (47)<\/td><td class=\"has-text-align-center\" data-align=\"center\"><\/td><td class=\"has-text-align-center\" data-align=\"center\"><\/td><\/tr><tr><td class=\"has-text-align-center\" data-align=\"center\">1967<\/td><td class=\"has-text-align-center\" data-align=\"center\">Montmorillon (86)<\/td><td class=\"has-text-align-center\" data-align=\"center\"><\/td><td class=\"has-text-align-center\" data-align=\"center\"><\/td><\/tr><tr><td class=\"has-text-align-center\" data-align=\"center\">1966<\/td><td class=\"has-text-align-center\" data-align=\"center\">La Londe<\/td><td class=\"has-text-align-center\" data-align=\"center\"><\/td><td class=\"has-text-align-center\" data-align=\"center\"><\/td><\/tr><tr><td class=\"has-text-align-center\" data-align=\"center\">1965<\/td><td class=\"has-text-align-center\" data-align=\"center\">La Londe<\/td><td class=\"has-text-align-center\" data-align=\"center\"><\/td><td class=\"has-text-align-center\" data-align=\"center\"><\/td><\/tr><tr><td class=\"has-text-align-center\" data-align=\"center\">1964<\/td><td class=\"has-text-align-center\" data-align=\"center\">La Londe<\/td><td class=\"has-text-align-center\" data-align=\"center\"><\/td><td class=\"has-text-align-center\" data-align=\"center\"><\/td><\/tr><\/tbody><\/table><\/figure>\n<\/div>\n\n\n\n<p><\/p>\n","protected":false},"excerpt":{"rendered":"<p>Liste des s\u00e9jours Ann\u00e9es Colos Camps d&rsquo;ados S\u00e9jours familles 2025 St Germain de Marencennes (17) Cl\u00e9cy Merville-FrancevilleVeules les roses 2024 St Germain de Marencennes (17) Merville-Franceville 2023 St Germain de Marencennes (17) Veules les roses 2022 St Germain de Marencennes (17) Cl\u00e9cy Veules les roses 2021 St Germain de Marencennes (17) Veules les roses 2020 [&hellip;]<\/p>\n","protected":false},"author":1,"featured_media":0,"parent":0,"menu_order":0,"comment_status":"closed","ping_status":"closed","template":"","meta":{"_uag_custom_page_level_css":"","site-sidebar-layout":"default","site-content-layout":"","ast-site-content-layout":"","site-content-style":"default","site-sidebar-style":"default","ast-global-header-display":"","ast-banner-title-visibility":"","ast-main-header-display":"","ast-hfb-above-header-display":"","ast-hfb-below-header-display":"","ast-hfb-mobile-header-display":"","site-post-title":"disabled","ast-breadcrumbs-content":"","ast-featured-img":"","footer-sml-layout":"","theme-transparent-header-meta":"","adv-header-id-meta":"","stick-header-meta":"","header-above-stick-meta":"","header-main-stick-meta":"","header-below-stick-meta":"","astra-migrate-meta-layouts":"default","ast-page-background-enabled":"default","ast-page-background-meta":{"desktop":{"background-color":"var(--ast-global-color-5)","background-image":"","background-repeat":"repeat","background-position":"center center","background-size":"auto","background-attachment":"scroll","background-type":"","background-media":"","overlay-type":"","overlay-color":"","overlay-opacity":"","overlay-gradient":""},"tablet":{"background-color":"","background-image":"","background-repeat":"repeat","background-position":"center center","background-size":"auto","background-attachment":"scroll","background-type":"","background-media":"","overlay-type":"","overlay-color":"","overlay-opacity":"","overlay-gradient":""},"mobile":{"background-color":"","background-image":"","background-repeat":"repeat","background-position":"center center","background-size":"auto","background-attachment":"scroll","background-type":"","background-media":"","overlay-type":"","overlay-color":"","overlay-opacity":"","overlay-gradient":""}},"ast-content-background-meta":{"desktop":{"background-color":"var(--ast-global-color-4)","background-image":"","background-repeat":"repeat","background-position":"center center","background-size":"auto","background-attachment":"scroll","background-type":"","background-media":"","overlay-type":"","overlay-color":"","overlay-opacity":"","overlay-gradient":""},"tablet":{"background-color":"var(--ast-global-color-4)","background-image":"","background-repeat":"repeat","background-position":"center center","background-size":"auto","background-attachment":"scroll","background-type":"","background-media":"","overlay-type":"","overlay-color":"","overlay-opacity":"","overlay-gradient":""},"mobile":{"background-color":"var(--ast-global-color-4)","background-image":"","background-repeat":"repeat","background-position":"center center","background-size":"auto","background-attachment":"scroll","background-type":"","background-media":"","overlay-type":"","overlay-color":"","overlay-opacity":"","overlay-gradient":""}},"footnotes":""},"class_list":["post-1039","page","type-page","status-publish","hentry"],"uagb_featured_image_src":{"full":false,"thumbnail":false,"medium":false,"medium_large":false,"large":false,"1536x1536":false,"2048x2048":false},"uagb_author_info":{"display_name":"assomontjoie","author_link":"http:\/\/www.la-petite-fabrique-de-site.com\/site-montjoie\/author\/gl-admin\/"},"uagb_comment_info":0,"uagb_excerpt":"Liste des s\u00e9jours Ann\u00e9es Colos Camps d&rsquo;ados S\u00e9jours familles 2025 St Germain de Marencennes (17) Cl\u00e9cy Merville-FrancevilleVeules les roses 2024 St Germain de Marencennes (17) Merville-Franceville 2023 St Germain de Marencennes (17) Veules les roses 2022 St Germain de Marencennes (17) Cl\u00e9cy Veules les roses 2021 St Germain de Marencennes (17) Veules les roses 2020\u2026","_links":{"self":[{"href":"http:\/\/www.la-petite-fabrique-de-site.com\/site-montjoie\/wp-json\/wp\/v2\/pages\/1039","targetHints":{"allow":["GET"]}}],"collection":[{"href":"http:\/\/www.la-petite-fabrique-de-site.com\/site-montjoie\/wp-json\/wp\/v2\/pages"}],"about":[{"href":"http:\/\/www.la-petite-fabrique-de-site.com\/site-montjoie\/wp-json\/wp\/v2\/types\/page"}],"author":[{"embeddable":true,"href":"http:\/\/www.la-petite-fabrique-de-site.com\/site-montjoie\/wp-json\/wp\/v2\/users\/1"}],"replies":[{"embeddable":true,"href":"http:\/\/www.la-petite-fabrique-de-site.com\/site-montjoie\/wp-json\/wp\/v2\/comments?post=1039"}],"version-history":[{"count":29,"href":"http:\/\/www.la-petite-fabrique-de-site.com\/site-montjoie\/wp-json\/wp\/v2\/pages\/1039\/revisions"}],"predecessor-version":[{"id":7743,"href":"http:\/\/www.la-petite-fabrique-de-site.com\/site-montjoie\/wp-json\/wp\/v2\/pages\/1039\/revisions\/7743"}],"wp:attachment":[{"href":"http:\/\/www.la-petite-fabrique-de-site.com\/site-montjoie\/wp-json\/wp\/v2\/media?parent=1039"}],"curies":[{"name":"wp","href":"https:\/\/api.w.org\/{rel}","templated":true}]}}