{"id":444,"date":"2023-06-07T09:15:04","date_gmt":"2023-06-07T07:15:04","guid":{"rendered":"http:\/\/www.la-petite-fabrique-de-site.com\/site-montjoie\/?page_id=444"},"modified":"2025-08-04T19:43:26","modified_gmt":"2025-08-04T17:43:26","slug":"nos-sejours","status":"publish","type":"page","link":"http:\/\/www.la-petite-fabrique-de-site.com\/site-montjoie\/nos-sejours\/","title":{"rendered":"Nos s\u00e9jours"},"content":{"rendered":"\n<div class=\"inherit-container-width wp-block-group has-ast-global-color-5-background-color has-background is-layout-constrained wp-block-group-is-layout-constrained\">\n<h2 class=\"wp-block-heading\">Colonie de vacances 6\/12 ans<\/h2>\n\n\n\n<p><em>Destination&nbsp;<strong>LES CHARENTES-MARITIME !<\/strong><\/em><\/p>\n\n\n\n<p>L\u2019association Familiale Montjoie organise comme chaque \u00e9t\u00e9 un s\u00e9jour de vacances pour 42<strong>&nbsp;enfants<\/strong>&nbsp;\u00e2g\u00e9s de&nbsp;<strong>6 \u00e0 12 ans<\/strong>&nbsp;de l\u2019agglom\u00e9ration Elbeuvienne.<\/p>\n\n\n\n<p><strong>Dates du s\u00e9jour :<\/strong>\u00a0Du 04 au 24 Ao\u00fbt 2025 (21 jours)<br><strong>Lieu :<\/strong>\u00a0Saint Germain de Marencennes<\/p>\n\n\n\n<h2 class=\"wp-block-heading\">Au programme<\/h2>\n\n\n\n<p><strong>Baignades<\/strong>&nbsp;<strong>\u2013&nbsp;Escalade<\/strong>&nbsp;<strong>\u2013<\/strong> <strong>Nuits en camping<\/strong>&nbsp;<strong>\u2013&nbsp;<\/strong><strong>Grandes journ\u00e9es exceptionnelles<\/strong>&nbsp;<strong>\u2013&nbsp;<\/strong><strong>Activit\u00e9s manuelles<\/strong>&nbsp;<strong>\u2013&nbsp;<\/strong><strong>Tournois sportifs<\/strong>&nbsp;<strong>\u2013 \u00c9quitation &#8211;&nbsp;<\/strong><strong>Spectacles<\/strong>&nbsp;<strong>\u2013&nbsp;<\/strong><strong>Soir\u00e9es dansantes\u2026<\/strong><\/p>\n\n\n\n<p><strong><em>Jeux, veill\u00e9es, f\u00eates, spectacles, journ\u00e9es \u00e0 th\u00e8me,<\/em><\/strong>&nbsp;l\u2019\u00e9quipe d\u2019animation d\u00e9borde d\u2019imagination pour offrir aux enfants des souvenirs inoubliables, dans le respect de rythme et des motivations de chaque enfant.<\/p>\n\n\n\n<p>Sans oublier les fameuses&nbsp;<strong><em>grandes journ\u00e9es<\/em><\/strong>&nbsp;et&nbsp;<strong><em>activit\u00e9s exceptionnelles<\/em><\/strong>&nbsp;de l\u2019Association Familiale Montjoie qui font sa r\u00e9putation !<\/p>\n\n\n\n<h2 class=\"wp-block-heading\">Cadre de vie<\/h2>\n\n\n\n<div class=\"wp-block-group is-nowrap is-layout-flex wp-container-core-group-is-layout-6c531013 wp-block-group-is-layout-flex\">\n<div class=\"inherit-container-width wp-block-group is-layout-constrained wp-block-group-is-layout-constrained\">\n<p>Les enfants seront log\u00e9s dans une grande propri\u00e9t\u00e9 bois\u00e9e, comportant un terrain de foot, plusieurs espaces de jeux ext\u00e9rieurs et de nombreuses salles d\u2019activit\u00e9s.<\/p>\n\n\n\n<p>Chambres de 4 \u00e0 6 lits.<\/p>\n\n\n\n<p>Le service de restauration est assur\u00e9 par un personnel qualifi\u00e9 qui propose des menus \u00e9quilibr\u00e9s et toujours appr\u00e9ci\u00e9es des enfants.<\/p>\n\n\n\n<p>Les \u00e9changes conviviaux sont multiples (spectacles dans le village, rencontres avec les artisans, d\u00e9couverte de l\u2019environnement rural\u2026)<\/p>\n<\/div>\n\n\n\n<figure class=\"wp-block-image alignright is-resized\"><img decoding=\"async\" src=\"http:\/\/www.assomontjoie.net\/wp-montjoie\/wp-content\/uploads\/colo_2003-93-1.jpg\" alt=\"colo_2009-9\" class=\"wp-image-4384\" style=\"aspect-ratio:1.3369565217391304;width:393px;height:auto\"\/><\/figure>\n<\/div>\n\n\n\n<h2 class=\"wp-block-heading\">Transport<\/h2>\n\n\n\n<p>Le transport s\u2019effectue en car \u00e0 partir d\u2019 Elbeuf.<br>L\u2019\u00e9quipe d\u2019animation est pr\u00e9sente tout le long du voyage.<\/p>\n\n\n\n<h2 class=\"wp-block-heading\">Encadrement<\/h2>\n\n\n\n<div class=\"wp-block-group is-nowrap is-layout-flex wp-container-core-group-is-layout-6c531013 wp-block-group-is-layout-flex\">\n<div class=\"inherit-container-width wp-block-group is-layout-constrained wp-block-group-is-layout-constrained\">\n<p>Ce centre de vacances est agr\u00e9\u00e9 par la direction r\u00e9gionale de la jeunesse et<br>des sports.<\/p>\n\n\n\n<p>La direction et l\u2019animation du centre sont assur\u00e9es par une \u00e9quipe<br>dipl\u00f4m\u00e9e et comp\u00e9tente.<\/p>\n\n\n\n<p>Elle est compos\u00e9e de 15 personnes : une \u00e9quipe de direction, une cuisini\u00e8re et son personnel technique ainsi qu\u2019une \u00e9quipe de 8 animateurs.<\/p>\n<\/div>\n\n\n\n<figure class=\"wp-block-image alignright is-resized\"><img decoding=\"async\" src=\"http:\/\/www.assomontjoie.net\/wp-montjoie\/wp-content\/uploads\/colo_2003-62-1.jpg\" alt=\"\" style=\"aspect-ratio:1.3342939481268012;width:351px;height:auto\"\/><\/figure>\n<\/div>\n<\/div>\n","protected":false},"excerpt":{"rendered":"<p>Colonie de vacances 6\/12 ans Destination&nbsp;LES CHARENTES-MARITIME ! L\u2019association Familiale Montjoie organise comme chaque \u00e9t\u00e9 un s\u00e9jour de vacances pour 42&nbsp;enfants&nbsp;\u00e2g\u00e9s de&nbsp;6 \u00e0 12 ans&nbsp;de l\u2019agglom\u00e9ration Elbeuvienne. Dates du s\u00e9jour :\u00a0Du 04 au 24 Ao\u00fbt 2025 (21 jours)Lieu :\u00a0Saint Germain de Marencennes Au programme Baignades&nbsp;\u2013&nbsp;Escalade&nbsp;\u2013 Nuits en camping&nbsp;\u2013&nbsp;Grandes journ\u00e9es exceptionnelles&nbsp;\u2013&nbsp;Activit\u00e9s manuelles&nbsp;\u2013&nbsp;Tournois sportifs&nbsp;\u2013 \u00c9quitation &#8211;&nbsp;Spectacles&nbsp;\u2013&nbsp;Soir\u00e9es dansantes\u2026 [&hellip;]<\/p>\n","protected":false},"author":1,"featured_media":0,"parent":0,"menu_order":0,"comment_status":"closed","ping_status":"closed","template":"","meta":{"_uag_custom_page_level_css":"","site-sidebar-layout":"default","site-content-layout":"","ast-site-content-layout":"","site-content-style":"default","site-sidebar-style":"default","ast-global-header-display":"","ast-banner-title-visibility":"","ast-main-header-display":"","ast-hfb-above-header-display":"","ast-hfb-below-header-display":"","ast-hfb-mobile-header-display":"","site-post-title":"","ast-breadcrumbs-content":"","ast-featured-img":"","footer-sml-layout":"","theme-transparent-header-meta":"","adv-header-id-meta":"","stick-header-meta":"","header-above-stick-meta":"","header-main-stick-meta":"","header-below-stick-meta":"","astra-migrate-meta-layouts":"default","ast-page-background-enabled":"default","ast-page-background-meta":{"desktop":{"background-color":"var(--ast-global-color-5)","background-image":"","background-repeat":"repeat","background-position":"center center","background-size":"auto","background-attachment":"scroll","background-type":"","background-media":"","overlay-type":"","overlay-color":"","overlay-opacity":"","overlay-gradient":""},"tablet":{"background-color":"","background-image":"","background-repeat":"repeat","background-position":"center center","background-size":"auto","background-attachment":"scroll","background-type":"","background-media":"","overlay-type":"","overlay-color":"","overlay-opacity":"","overlay-gradient":""},"mobile":{"background-color":"","background-image":"","background-repeat":"repeat","background-position":"center center","background-size":"auto","background-attachment":"scroll","background-type":"","background-media":"","overlay-type":"","overlay-color":"","overlay-opacity":"","overlay-gradient":""}},"ast-content-background-meta":{"desktop":{"background-color":"var(--ast-global-color-4)","background-image":"","background-repeat":"repeat","background-position":"center center","background-size":"auto","background-attachment":"scroll","background-type":"","background-media":"","overlay-type":"","overlay-color":"","overlay-opacity":"","overlay-gradient":""},"tablet":{"background-color":"var(--ast-global-color-4)","background-image":"","background-repeat":"repeat","background-position":"center center","background-size":"auto","background-attachment":"scroll","background-type":"","background-media":"","overlay-type":"","overlay-color":"","overlay-opacity":"","overlay-gradient":""},"mobile":{"background-color":"var(--ast-global-color-4)","background-image":"","background-repeat":"repeat","background-position":"center center","background-size":"auto","background-attachment":"scroll","background-type":"","background-media":"","overlay-type":"","overlay-color":"","overlay-opacity":"","overlay-gradient":""}},"footnotes":""},"class_list":["post-444","page","type-page","status-publish","hentry"],"uagb_featured_image_src":{"full":false,"thumbnail":false,"medium":false,"medium_large":false,"large":false,"1536x1536":false,"2048x2048":false},"uagb_author_info":{"display_name":"assomontjoie","author_link":"http:\/\/www.la-petite-fabrique-de-site.com\/site-montjoie\/author\/gl-admin\/"},"uagb_comment_info":0,"uagb_excerpt":"Colonie de vacances 6\/12 ans Destination&nbsp;LES CHARENTES-MARITIME ! L\u2019association Familiale Montjoie organise comme chaque \u00e9t\u00e9 un s\u00e9jour de vacances pour 42&nbsp;enfants&nbsp;\u00e2g\u00e9s de&nbsp;6 \u00e0 12 ans&nbsp;de l\u2019agglom\u00e9ration Elbeuvienne. Dates du s\u00e9jour :\u00a0Du 04 au 24 Ao\u00fbt 2025 (21 jours)Lieu :\u00a0Saint Germain de Marencennes Au programme Baignades&nbsp;\u2013&nbsp;Escalade&nbsp;\u2013 Nuits en camping&nbsp;\u2013&nbsp;Grandes journ\u00e9es exceptionnelles&nbsp;\u2013&nbsp;Activit\u00e9s manuelles&nbsp;\u2013&nbsp;Tournois sportifs&nbsp;\u2013 \u00c9quitation &#8211;&nbsp;Spectacles&nbsp;\u2013&nbsp;Soir\u00e9es dansantes\u2026\u2026","_links":{"self":[{"href":"http:\/\/www.la-petite-fabrique-de-site.com\/site-montjoie\/wp-json\/wp\/v2\/pages\/444","targetHints":{"allow":["GET"]}}],"collection":[{"href":"http:\/\/www.la-petite-fabrique-de-site.com\/site-montjoie\/wp-json\/wp\/v2\/pages"}],"about":[{"href":"http:\/\/www.la-petite-fabrique-de-site.com\/site-montjoie\/wp-json\/wp\/v2\/types\/page"}],"author":[{"embeddable":true,"href":"http:\/\/www.la-petite-fabrique-de-site.com\/site-montjoie\/wp-json\/wp\/v2\/users\/1"}],"replies":[{"embeddable":true,"href":"http:\/\/www.la-petite-fabrique-de-site.com\/site-montjoie\/wp-json\/wp\/v2\/comments?post=444"}],"version-history":[{"count":34,"href":"http:\/\/www.la-petite-fabrique-de-site.com\/site-montjoie\/wp-json\/wp\/v2\/pages\/444\/revisions"}],"predecessor-version":[{"id":7746,"href":"http:\/\/www.la-petite-fabrique-de-site.com\/site-montjoie\/wp-json\/wp\/v2\/pages\/444\/revisions\/7746"}],"wp:attachment":[{"href":"http:\/\/www.la-petite-fabrique-de-site.com\/site-montjoie\/wp-json\/wp\/v2\/media?parent=444"}],"curies":[{"name":"wp","href":"https:\/\/api.w.org\/{rel}","templated":true}]}}