{"id":6712,"date":"2024-06-25T17:00:54","date_gmt":"2024-06-25T15:00:54","guid":{"rendered":"http:\/\/www.la-petite-fabrique-de-site.com\/site-montjoie\/?page_id=6712"},"modified":"2025-01-28T17:14:01","modified_gmt":"2025-01-28T16:14:01","slug":"quel-avenir-pour-les-colos-le-colloque","status":"publish","type":"page","link":"http:\/\/www.la-petite-fabrique-de-site.com\/site-montjoie\/quel-avenir-pour-les-colos-le-colloque\/","title":{"rendered":"Quel avenir pour les colos &#8211; le colloque"},"content":{"rendered":"\n<div class=\"wp-block-uagb-separator uagb-block-26fb9cf9\"><div class=\"wp-block-uagb-separator__inner\" style=\"--my-background-image:\"><\/div><\/div>\n\n\n\n<div class=\"wp-block-uagb-advanced-heading uagb-block-11188712\"><h1 class=\"uagb-heading-text\">Quel avenir pour les colos ?<\/h1><div class=\"uagb-separator\"><\/div><\/div>\n\n\n\n<p class=\"has-text-align-center has-medium-font-size\">Journ\u00e9e th\u00e9matique<br>\u00ab\u00a0Les colos d&rsquo;hier, d&rsquo;aujourd&rsquo;hui et de demain\u00a0\u00bb<\/p>\n\n\n\n<div class=\"wp-block-columns has-ast-global-color-5-background-color has-background is-layout-flex wp-container-core-columns-is-layout-28f84493 wp-block-columns-is-layout-flex\">\n<div class=\"wp-block-column is-layout-flow wp-block-column-is-layout-flow\">\n<div class=\"wp-block-uagb-advanced-heading uagb-block-7ac2f9e4\"><h2 class=\"uagb-heading-text\">Pr\u00e9sentation de la journ\u00e9e<\/h2><\/div>\n\n\n\n<p>L&rsquo;association Montjoie, c\u00e9l\u00e9brant ses 60 ans, a organis\u00e9 une journ\u00e9e de r\u00e9flexion sur l&rsquo;avenir des colonies de vacances. Cet \u00e9v\u00e9nement a rassembl\u00e9 divers acteurs du secteur, incluant des universitaires, des professionnels, et des repr\u00e9sentants de l&rsquo;association elle-m\u00eame. Les discussions ont port\u00e9 sur le public cible, le financement, et la r\u00e9glementation des centres de vacances. La journ\u00e9e a \u00e9galement compris des animations et a permis des \u00e9changes enrichissants entre les participants, soulignant l&rsquo;\u00e9volution et la diversit\u00e9 des approches dans le domaine de l&rsquo;\u00e9ducation populaire. <\/p>\n<\/div>\n\n\n\n<div class=\"wp-block-column is-layout-flow wp-block-column-is-layout-flow\">\n<figure class=\"wp-block-embed is-type-video is-provider-youtube wp-block-embed-youtube wp-embed-aspect-16-9 wp-has-aspect-ratio\"><div class=\"wp-block-embed__wrapper\">\n<div class=\"ast-oembed-container \" style=\"height: 100%;\"><iframe loading=\"lazy\" title=\"Quel avenir pour les colos - After movie\" width=\"500\" height=\"281\" src=\"https:\/\/www.youtube.com\/embed\/zw6ZgwhXXBc?feature=oembed\" frameborder=\"0\" allow=\"accelerometer; autoplay; clipboard-write; encrypted-media; gyroscope; picture-in-picture; web-share\" referrerpolicy=\"strict-origin-when-cross-origin\" allowfullscreen><\/iframe><\/div>\n<\/div><\/figure>\n<\/div>\n<\/div>\n\n\n\n<div class=\"wp-block-uagb-separator uagb-block-191c3ec2\"><div class=\"wp-block-uagb-separator__inner\" style=\"--my-background-image:\"><\/div><\/div>\n\n\n\n<div class=\"wp-block-columns has-ast-global-color-5-background-color has-background is-layout-flex wp-container-core-columns-is-layout-28f84493 wp-block-columns-is-layout-flex\">\n<div class=\"wp-block-column is-layout-flow wp-block-column-is-layout-flow\">\n<div class=\"wp-block-uagb-advanced-heading uagb-block-d3943ace\"><h2 class=\"uagb-heading-text\">Le mot du pr\u00e9sident<\/h2><\/div>\n\n\n\n<p><strong>Introduction de la journ\u00e9e de d\u00e9bat<\/strong><\/p>\n\n\n\n<p>Apr\u00e8s une pr\u00e9sentation de l&rsquo;association familiale Montjoie, le pr\u00e9sident, <strong>Philippe PETIT<\/strong>, pr\u00e9sente les th\u00e9matiques des 3 tables rondes de la journ\u00e9e.<br>&#8211; Le 1er th\u00e8me porte sur <strong>le public des centres de vacances aujourd&rsquo;hui<\/strong>.<br>Les participants pourront d\u00e9battre et \u00e9changer sur ce sujet.<br>&#8211; Le 2\u00e8me th\u00e8me concerne le <strong>financement des centres de vacances<\/strong>.<br>&#8211; Le 3\u00e8me th\u00e8me abordera la <strong>formation et la r\u00e9glementation<\/strong> ainsi que la question des animateurs pour les centres de vacances d&rsquo;aujourd&rsquo;hui.<\/p>\n<\/div>\n\n\n\n<div class=\"wp-block-column is-layout-flow wp-block-column-is-layout-flow\">\n<figure class=\"wp-block-embed is-type-video is-provider-youtube wp-block-embed-youtube wp-embed-aspect-16-9 wp-has-aspect-ratio\"><div class=\"wp-block-embed__wrapper\">\n<div class=\"ast-oembed-container \" style=\"height: 100%;\"><iframe loading=\"lazy\" title=\"Quel avenir pour les colos - Mot du pre\u0301sident\" width=\"500\" height=\"281\" src=\"https:\/\/www.youtube.com\/embed\/74B0ig8Mrkk?feature=oembed\" frameborder=\"0\" allow=\"accelerometer; autoplay; clipboard-write; encrypted-media; gyroscope; picture-in-picture; web-share\" referrerpolicy=\"strict-origin-when-cross-origin\" allowfullscreen><\/iframe><\/div>\n<\/div><\/figure>\n<\/div>\n<\/div>\n\n\n\n<div class=\"wp-block-uagb-separator uagb-block-c9a98dc4\"><div class=\"wp-block-uagb-separator__inner\" style=\"--my-background-image:\"><\/div><\/div>\n\n\n\n<div class=\"wp-block-columns has-ast-global-color-5-background-color has-background is-layout-flex wp-container-core-columns-is-layout-28f84493 wp-block-columns-is-layout-flex\">\n<div class=\"wp-block-column is-layout-flow wp-block-column-is-layout-flow\">\n<div class=\"wp-block-uagb-advanced-heading uagb-block-f4b8265a\"><h2 class=\"uagb-heading-text\">Des colos pour qui ?<\/h2><\/div>\n\n\n\n<p class=\"has-text-align-left\"><strong>\u00c9volution du public, mixit\u00e9 sociale, relation avec les familles<\/strong><\/p>\n\n\n\n<p class=\"has-luminous-vivid-orange-color has-text-color has-link-color wp-elements-0217138e3538f8a9c09220ea12be624a\" style=\"padding-top:0;padding-right:0;padding-bottom:0px;padding-left:0\"><strong>Les intervenants<\/strong> :<\/p>\n\n\n\n<p style=\"margin-top:0px;padding-top:0px;padding-right:0;padding-bottom:0px;padding-left:0\"><strong>Karine LUCAS :<\/strong> Vice-pr\u00e9sidente de l&rsquo;association familiale Montjoie<br><strong>Jean HOUSSAYE :<\/strong> Professeur en sciences de l&rsquo;\u00e9ducation &#8211; Rouen<br><strong>Julien MARCHOIS :<\/strong> Responsable de structure chez ODCVL<br><strong>J\u00e9r\u00f4me LALUNG-BONNAIRE :<\/strong> Dir. serv. ville de St-Etienne-du-Rouvray<br><strong>Thomas BRICHARD :<\/strong> Dir. MECS Fond. des apprentis d&rsquo;Auteuil &#8211; Rouen<br><strong>Michel BUSSI : <\/strong>Mod\u00e9rateur<\/p>\n<\/div>\n\n\n\n<div class=\"wp-block-column is-layout-flow wp-block-column-is-layout-flow\">\n<figure class=\"wp-block-embed is-type-video is-provider-youtube wp-block-embed-youtube wp-embed-aspect-16-9 wp-has-aspect-ratio\"><div class=\"wp-block-embed__wrapper\">\n<div class=\"ast-oembed-container \" style=\"height: 100%;\"><iframe loading=\"lazy\" title=\"Quel avenir pour les colos - Des colos pour qui ?\" width=\"500\" height=\"281\" src=\"https:\/\/www.youtube.com\/embed\/wmsNfUZ2l7I?feature=oembed\" frameborder=\"0\" allow=\"accelerometer; autoplay; clipboard-write; encrypted-media; gyroscope; picture-in-picture; web-share\" referrerpolicy=\"strict-origin-when-cross-origin\" allowfullscreen><\/iframe><\/div>\n<\/div><\/figure>\n<\/div>\n<\/div>\n\n\n\n<div class=\"wp-block-uagb-separator uagb-block-82dd5523\"><div class=\"wp-block-uagb-separator__inner\" style=\"--my-background-image:\"><\/div><\/div>\n\n\n\n<div class=\"wp-block-columns has-ast-global-color-5-background-color has-background is-layout-flex wp-container-core-columns-is-layout-28f84493 wp-block-columns-is-layout-flex\">\n<div class=\"wp-block-column is-layout-flow wp-block-column-is-layout-flow\">\n<div class=\"wp-block-uagb-advanced-heading uagb-block-a9e08b9c\"><h2 class=\"uagb-heading-text\">Quels mod\u00e8les \u00e9conomiques ?<\/h2><\/div>\n\n\n\n<p><strong>Les financements publics\/priv\u00e9s, le b\u00e9n\u00e9volat, volontaires\/salari\u00e9s<\/strong><\/p>\n\n\n\n<p class=\"has-luminous-vivid-orange-color has-text-color has-link-color wp-elements-aea271dfdb6fccc74df45fe62290e98a\"><strong>Les intervenants :<\/strong><\/p>\n\n\n\n<p><strong>Guillaume LEBAS :<\/strong> Tr\u00e9sorier de l&rsquo;association familiale Montjoie<br><strong>Jean-Michel BOCQUET :<\/strong> Universitaire P\u00e9dagogue et conseiller tech. ASE<br><strong>Denis THOMAS :<\/strong> Conseiller \u00e9ducation populaire et jeunesse SDJES<br><strong>Pascal GRIALOU : <\/strong>Charg\u00e9 conseil et d\u00e9veloppement  enf. et jeunesse CAF<br><strong>Ga\u00ebl JOUAN :<\/strong> Association Val Soleil<br><strong>Kheira TERFAS : <\/strong>Mod\u00e9ratrice<\/p>\n<\/div>\n\n\n\n<div class=\"wp-block-column is-layout-flow wp-block-column-is-layout-flow\">\n<figure class=\"wp-block-embed is-type-video is-provider-youtube wp-block-embed-youtube wp-embed-aspect-16-9 wp-has-aspect-ratio\"><div class=\"wp-block-embed__wrapper\">\n<div class=\"ast-oembed-container \" style=\"height: 100%;\"><iframe loading=\"lazy\" title=\"Quel avenir pour les colos - Quels mode\u0300les e\u0301conomiques pour les colos\" width=\"500\" height=\"281\" src=\"https:\/\/www.youtube.com\/embed\/qndcFuUXVfs?feature=oembed\" frameborder=\"0\" allow=\"accelerometer; autoplay; clipboard-write; encrypted-media; gyroscope; picture-in-picture; web-share\" referrerpolicy=\"strict-origin-when-cross-origin\" allowfullscreen><\/iframe><\/div>\n<\/div><\/figure>\n<\/div>\n<\/div>\n\n\n\n<div class=\"wp-block-uagb-separator uagb-block-585de3ac\"><div class=\"wp-block-uagb-separator__inner\" style=\"--my-background-image:\"><\/div><\/div>\n\n\n\n<div class=\"wp-block-columns has-ast-global-color-5-background-color has-background is-layout-flex wp-container-core-columns-is-layout-28f84493 wp-block-columns-is-layout-flex\">\n<div class=\"wp-block-column is-layout-flow wp-block-column-is-layout-flow\">\n<div class=\"wp-block-uagb-advanced-heading uagb-block-10c9943f\"><h2 class=\"uagb-heading-text\">S&rsquo;investir dans l&rsquo;animation<\/h2><\/div>\n\n\n\n<p><strong>Les pratiques \u00e9ducatives, formation, r\u00e9glementation<\/strong><\/p>\n\n\n\n<p class=\"has-luminous-vivid-orange-color has-text-color has-link-color wp-elements-aea271dfdb6fccc74df45fe62290e98a\"><strong>Les intervenants :<\/strong><\/p>\n\n\n\n<p><strong>Bertille LOZAY :<\/strong> Directrice des s\u00e9jours de l&rsquo;association familiale Montjoie<br><strong>Emilie MARTIN :<\/strong> Th\u00e8se : P\u00e9dagogie en plein air<br><strong>Philippe BRIAULT :<\/strong> Intervenant UFCV<br><strong>Emma BAZIRE : <\/strong>Des camps sur la com\u00e8te<br><strong>Julie DANIEL :<\/strong> Des camps sur la com\u00e8te<br><strong>Bruno DEZON :<\/strong> Directeur p\u00e9da. &#8211; Les compagnons des jours heureux<br><strong>Michel BUSSI : <\/strong>Mod\u00e9rateur<\/p>\n<\/div>\n\n\n\n<div class=\"wp-block-column is-layout-flow wp-block-column-is-layout-flow\">\n<figure class=\"wp-block-embed is-type-video is-provider-youtube wp-block-embed-youtube wp-embed-aspect-4-3 wp-has-aspect-ratio\"><div class=\"wp-block-embed__wrapper\">\n<div class=\"ast-oembed-container \" style=\"height: 100%;\"><iframe loading=\"lazy\" title=\"Quel avenir pour les colos - S&#039;investir dans l&#039;animation\" width=\"500\" height=\"281\" src=\"https:\/\/www.youtube.com\/embed\/aD-jmsZoxYo?feature=oembed\" frameborder=\"0\" allow=\"accelerometer; autoplay; clipboard-write; encrypted-media; gyroscope; picture-in-picture; web-share\" referrerpolicy=\"strict-origin-when-cross-origin\" allowfullscreen><\/iframe><\/div>\n<\/div><\/figure>\n<\/div>\n<\/div>\n\n\n\n<div class=\"wp-block-uagb-separator uagb-block-f65aa634\"><div class=\"wp-block-uagb-separator__inner\" style=\"--my-background-image:\"><\/div><\/div>\n\n\n\n<div class=\"wp-block-columns has-ast-global-color-5-background-color has-background is-layout-flex wp-container-core-columns-is-layout-28f84493 wp-block-columns-is-layout-flex\">\n<div class=\"wp-block-column is-layout-flow wp-block-column-is-layout-flow\">\n<div class=\"wp-block-uagb-advanced-heading uagb-block-7db4bfb9\"><h2 class=\"uagb-heading-text\">Quel avenir pour les colos ?<\/h2><\/div>\n\n\n\n<p><strong>Conclusions sur la journ\u00e9e de d\u00e9bats<\/strong><\/p>\n\n\n\n<p class=\"has-luminous-vivid-orange-color has-text-color has-link-color wp-elements-aea271dfdb6fccc74df45fe62290e98a\"><strong>Les intervenants :<\/strong><\/p>\n\n\n\n<p><strong>Hugues SORREAU :<\/strong> Pr\u00e9sident d&rsquo;honneur de l&rsquo;association Montjoie<br><strong>Jean-Michel BOCQUET :<\/strong> Universitaire P\u00e9dagogue et conseiller tech. ASE<br><strong>Emilie MARTIN :<\/strong> Th\u00e8se : P\u00e9dagogie en plein air<br><strong>Jean HOUSSAYE :<\/strong> Professeur en sciences de l&rsquo;\u00e9ducation &#8211; Rouen<br><br><\/p>\n<\/div>\n\n\n\n<div class=\"wp-block-column is-layout-flow wp-block-column-is-layout-flow\">\n<figure class=\"wp-block-embed is-type-video is-provider-youtube wp-block-embed-youtube wp-embed-aspect-16-9 wp-has-aspect-ratio\"><div class=\"wp-block-embed__wrapper\">\n<div class=\"ast-oembed-container \" style=\"height: 100%;\"><iframe loading=\"lazy\" title=\"Quel avenir pour les colos - Conclusions\" width=\"500\" height=\"281\" src=\"https:\/\/www.youtube.com\/embed\/vyErMk8LcDA?feature=oembed\" frameborder=\"0\" allow=\"accelerometer; autoplay; clipboard-write; encrypted-media; gyroscope; picture-in-picture; web-share\" referrerpolicy=\"strict-origin-when-cross-origin\" allowfullscreen><\/iframe><\/div>\n<\/div><\/figure>\n<\/div>\n<\/div>\n\n\n\n<div class=\"wp-block-uagb-separator uagb-block-4b0752eb\"><div class=\"wp-block-uagb-separator__inner\" style=\"--my-background-image:\"><\/div><\/div>\n\n\n\n<div class=\"wp-block-group has-ast-global-color-5-background-color has-background is-layout-constrained wp-block-group-is-layout-constrained\">\n<div class=\"wp-block-uagb-advanced-heading uagb-block-151c021e\"><h2 class=\"uagb-heading-text\">BFMTV N0RMANDIE : L&rsquo;association Montjoie f\u00eate ses 60 ans<\/h2><\/div>\n\n\n\n<div class=\"wp-block-columns is-layout-flex wp-container-core-columns-is-layout-28f84493 wp-block-columns-is-layout-flex\">\n<div class=\"wp-block-column is-layout-flow wp-block-column-is-layout-flow\">\n<figure class=\"wp-block-video\"><video height=\"720\" style=\"aspect-ratio: 1280 \/ 720;\" width=\"1280\" controls src=\"http:\/\/www.la-petite-fabrique-de-site.com\/site-montjoie\/wp-content\/uploads\/2024\/06\/BFMTV-1.mp4\"><\/video><\/figure>\n<\/div>\n\n\n\n<div class=\"wp-block-column is-layout-flow wp-block-column-is-layout-flow\">\n<figure class=\"wp-block-video\"><video height=\"720\" style=\"aspect-ratio: 1280 \/ 720;\" width=\"1280\" controls src=\"http:\/\/www.la-petite-fabrique-de-site.com\/site-montjoie\/wp-content\/uploads\/2024\/06\/BFMTV-2.mp4\"><\/video><\/figure>\n<\/div>\n<\/div>\n<\/div>\n\n\n\n<div class=\"wp-block-uagb-separator uagb-block-60ad75ad\"><div class=\"wp-block-uagb-separator__inner\" style=\"--my-background-image:\"><\/div><\/div>\n","protected":false},"excerpt":{"rendered":"<p>Quel avenir pour les colos ? Journ\u00e9e th\u00e9matique\u00ab\u00a0Les colos d&rsquo;hier, d&rsquo;aujourd&rsquo;hui et de demain\u00a0\u00bb Pr\u00e9sentation de la journ\u00e9e L&rsquo;association Montjoie, c\u00e9l\u00e9brant ses 60 ans, a organis\u00e9 une journ\u00e9e de r\u00e9flexion sur l&rsquo;avenir des colonies de vacances. Cet \u00e9v\u00e9nement a rassembl\u00e9 divers acteurs du secteur, incluant des universitaires, des professionnels, et des repr\u00e9sentants de l&rsquo;association elle-m\u00eame. [&hellip;]<\/p>\n","protected":false},"author":1,"featured_media":0,"parent":0,"menu_order":0,"comment_status":"closed","ping_status":"closed","template":"","meta":{"_uag_custom_page_level_css":"","site-sidebar-layout":"default","site-content-layout":"","ast-site-content-layout":"default","site-content-style":"default","site-sidebar-style":"default","ast-global-header-display":"","ast-banner-title-visibility":"","ast-main-header-display":"","ast-hfb-above-header-display":"","ast-hfb-below-header-display":"","ast-hfb-mobile-header-display":"","site-post-title":"disabled","ast-breadcrumbs-content":"","ast-featured-img":"","footer-sml-layout":"","theme-transparent-header-meta":"","adv-header-id-meta":"","stick-header-meta":"","header-above-stick-meta":"","header-main-stick-meta":"","header-below-stick-meta":"","astra-migrate-meta-layouts":"set","ast-page-background-enabled":"default","ast-page-background-meta":{"desktop":{"background-color":"var(--ast-global-color-5)","background-image":"","background-repeat":"repeat","background-position":"center center","background-size":"auto","background-attachment":"scroll","background-type":"","background-media":"","overlay-type":"","overlay-color":"","overlay-opacity":"","overlay-gradient":""},"tablet":{"background-color":"","background-image":"","background-repeat":"repeat","background-position":"center center","background-size":"auto","background-attachment":"scroll","background-type":"","background-media":"","overlay-type":"","overlay-color":"","overlay-opacity":"","overlay-gradient":""},"mobile":{"background-color":"","background-image":"","background-repeat":"repeat","background-position":"center center","background-size":"auto","background-attachment":"scroll","background-type":"","background-media":"","overlay-type":"","overlay-color":"","overlay-opacity":"","overlay-gradient":""}},"ast-content-background-meta":{"desktop":{"background-color":"var(--ast-global-color-4)","background-image":"","background-repeat":"repeat","background-position":"center center","background-size":"auto","background-attachment":"scroll","background-type":"","background-media":"","overlay-type":"","overlay-color":"","overlay-opacity":"","overlay-gradient":""},"tablet":{"background-color":"var(--ast-global-color-4)","background-image":"","background-repeat":"repeat","background-position":"center center","background-size":"auto","background-attachment":"scroll","background-type":"","background-media":"","overlay-type":"","overlay-color":"","overlay-opacity":"","overlay-gradient":""},"mobile":{"background-color":"var(--ast-global-color-4)","background-image":"","background-repeat":"repeat","background-position":"center center","background-size":"auto","background-attachment":"scroll","background-type":"","background-media":"","overlay-type":"","overlay-color":"","overlay-opacity":"","overlay-gradient":""}},"footnotes":""},"class_list":["post-6712","page","type-page","status-publish","hentry"],"uagb_featured_image_src":{"full":false,"thumbnail":false,"medium":false,"medium_large":false,"large":false,"1536x1536":false,"2048x2048":false},"uagb_author_info":{"display_name":"assomontjoie","author_link":"http:\/\/www.la-petite-fabrique-de-site.com\/site-montjoie\/author\/gl-admin\/"},"uagb_comment_info":0,"uagb_excerpt":"Quel avenir pour les colos ? Journ\u00e9e th\u00e9matique\u00ab\u00a0Les colos d&rsquo;hier, d&rsquo;aujourd&rsquo;hui et de demain\u00a0\u00bb Pr\u00e9sentation de la journ\u00e9e L&rsquo;association Montjoie, c\u00e9l\u00e9brant ses 60 ans, a organis\u00e9 une journ\u00e9e de r\u00e9flexion sur l&rsquo;avenir des colonies de vacances. Cet \u00e9v\u00e9nement a rassembl\u00e9 divers acteurs du secteur, incluant des universitaires, des professionnels, et des repr\u00e9sentants de l&rsquo;association elle-m\u00eame.\u2026","_links":{"self":[{"href":"http:\/\/www.la-petite-fabrique-de-site.com\/site-montjoie\/wp-json\/wp\/v2\/pages\/6712","targetHints":{"allow":["GET"]}}],"collection":[{"href":"http:\/\/www.la-petite-fabrique-de-site.com\/site-montjoie\/wp-json\/wp\/v2\/pages"}],"about":[{"href":"http:\/\/www.la-petite-fabrique-de-site.com\/site-montjoie\/wp-json\/wp\/v2\/types\/page"}],"author":[{"embeddable":true,"href":"http:\/\/www.la-petite-fabrique-de-site.com\/site-montjoie\/wp-json\/wp\/v2\/users\/1"}],"replies":[{"embeddable":true,"href":"http:\/\/www.la-petite-fabrique-de-site.com\/site-montjoie\/wp-json\/wp\/v2\/comments?post=6712"}],"version-history":[{"count":40,"href":"http:\/\/www.la-petite-fabrique-de-site.com\/site-montjoie\/wp-json\/wp\/v2\/pages\/6712\/revisions"}],"predecessor-version":[{"id":7674,"href":"http:\/\/www.la-petite-fabrique-de-site.com\/site-montjoie\/wp-json\/wp\/v2\/pages\/6712\/revisions\/7674"}],"wp:attachment":[{"href":"http:\/\/www.la-petite-fabrique-de-site.com\/site-montjoie\/wp-json\/wp\/v2\/media?parent=6712"}],"curies":[{"name":"wp","href":"https:\/\/api.w.org\/{rel}","templated":true}]}}