{"id":92,"date":"2023-05-22T18:32:58","date_gmt":"2023-05-22T16:32:58","guid":{"rendered":"http:\/\/www.la-petite-fabrique-de-site.com\/site-montjoie\/?page_id=92"},"modified":"2025-08-11T10:59:58","modified_gmt":"2025-08-11T08:59:58","slug":"accueil","status":"publish","type":"page","link":"http:\/\/www.la-petite-fabrique-de-site.com\/site-montjoie\/","title":{"rendered":"Accueil"},"content":{"rendered":"\n<div class=\"wp-block-cover alignfull is-light\" style=\"margin-top:0;padding-top:0px;padding-right:0px;padding-bottom:0px;padding-left:0px\"><img loading=\"lazy\" decoding=\"async\" width=\"1600\" height=\"1200\" class=\"wp-block-cover__image-background wp-image-110\" alt=\"\" src=\"http:\/\/www.la-petite-fabrique-de-site.com\/site-montjoie\/wp-content\/uploads\/2023\/05\/colo_2003-92-1.jpg\" data-object-fit=\"cover\" srcset=\"http:\/\/www.la-petite-fabrique-de-site.com\/site-montjoie\/wp-content\/uploads\/2023\/05\/colo_2003-92-1.jpg 1600w, http:\/\/www.la-petite-fabrique-de-site.com\/site-montjoie\/wp-content\/uploads\/2023\/05\/colo_2003-92-1-300x225.jpg 300w, http:\/\/www.la-petite-fabrique-de-site.com\/site-montjoie\/wp-content\/uploads\/2023\/05\/colo_2003-92-1-1024x768.jpg 1024w, http:\/\/www.la-petite-fabrique-de-site.com\/site-montjoie\/wp-content\/uploads\/2023\/05\/colo_2003-92-1-768x576.jpg 768w, http:\/\/www.la-petite-fabrique-de-site.com\/site-montjoie\/wp-content\/uploads\/2023\/05\/colo_2003-92-1-1536x1152.jpg 1536w\" sizes=\"auto, (max-width: 1600px) 100vw, 1600px\" \/><span aria-hidden=\"true\" class=\"wp-block-cover__background has-background-dim-10 has-background-dim\"><\/span><div class=\"wp-block-cover__inner-container is-layout-flow wp-block-cover-is-layout-flow\">\n<p class=\"has-text-align-right has-white-color has-text-color has-link-color has-x-large-font-size wp-elements-55555d0c3ed5c06febd686546f40b227\" style=\"margin-top:15rem;line-height:1.3\">Organisateur de s\u00e9jours de vacances <br>sur Elbeuf et son agglom\u00e9ration<\/p>\n<\/div><\/div>\n\n\n\n<div class=\"inherit-container-width wp-block-group alignfull has-background is-layout-constrained wp-block-group-is-layout-constrained\" style=\"background-color:#d5edf9\"><\/div>\n\n\n\n<div class=\"inherit-container-width wp-block-group alignfull has-background is-layout-constrained wp-block-group-is-layout-constrained\" style=\"background-color:#fbf6f0\">\n<div class=\"wp-block-uagb-advanced-heading uagb-block-acee8b4c\"><h2 class=\"uagb-heading-text\">Colo 2025<\/h2><\/div>\n\n\n\n<div class=\"wp-block-query alignwide is-layout-flow wp-block-query-is-layout-flow\"><ul class=\"wp-block-post-template is-layout-flow wp-block-post-template-is-layout-flow\"><li class=\"wp-block-post post-6704 post type-post status-publish format-standard has-post-thumbnail hentry category-colos category-sejours\">\n\n<div class=\"wp-block-columns alignfull has-ast-global-color-5-background-color has-background is-layout-flex wp-container-core-columns-is-layout-f5991b6b wp-block-columns-is-layout-flex\" style=\"margin-top:0px;margin-bottom:0px;padding-top:0px;padding-right:0px;padding-bottom:0px;padding-left:0px\">\n<div class=\"wp-block-column is-layout-flow wp-block-column-is-layout-flow\" style=\"flex-basis:50%\">\n<figure class=\"wp-block-image size-full is-resized\"><img loading=\"lazy\" decoding=\"async\" width=\"1429\" height=\"857\" src=\"http:\/\/www.la-petite-fabrique-de-site.com\/site-montjoie\/wp-content\/uploads\/2025\/08\/IMG_0269.jpeg\" alt=\"\" class=\"wp-image-7748\" style=\"aspect-ratio:4\/3;object-fit:cover;width:603px;height:auto\" srcset=\"http:\/\/www.la-petite-fabrique-de-site.com\/site-montjoie\/wp-content\/uploads\/2025\/08\/IMG_0269.jpeg 1429w, http:\/\/www.la-petite-fabrique-de-site.com\/site-montjoie\/wp-content\/uploads\/2025\/08\/IMG_0269-300x180.jpeg 300w, http:\/\/www.la-petite-fabrique-de-site.com\/site-montjoie\/wp-content\/uploads\/2025\/08\/IMG_0269-1024x614.jpeg 1024w, http:\/\/www.la-petite-fabrique-de-site.com\/site-montjoie\/wp-content\/uploads\/2025\/08\/IMG_0269-768x461.jpeg 768w\" sizes=\"auto, (max-width: 1429px) 100vw, 1429px\" \/><\/figure>\n<\/div>\n\n\n\n<div class=\"wp-block-column is-layout-flow wp-block-column-is-layout-flow\" style=\"padding-top:var(--wp--preset--spacing--50);padding-right:var(--wp--preset--spacing--50);padding-bottom:var(--wp--preset--spacing--50);padding-left:var(--wp--preset--spacing--50);flex-basis:50%\">\n<h2 class=\"wp-block-heading has-text-align-center has-x-large-font-size\" style=\"padding-top:30px;padding-bottom:30px;text-transform:none\"><strong>Voir le Blog de la colo 202<\/strong>5<\/h2>\n\n\n\n<p class=\"has-text-align-center has-medium-font-size\">Nous publierons tous les jours (ou presque) des photos ainsi qu\u2019un petit message pour vous montrer ce qu\u2019ont fait les enfants de leur journ\u00e9e.<\/p>\n\n\n\n<p class=\"has-text-align-center has-medium-font-size\">Vous pouvez nous joindre de 17h30-19h00 au 06 40 37 82 46 ou au 07 80 10 65 69 (3 fois maximum par semaine)<\/p>\n\n\n\n<div class=\"wp-block-uagb-buttons uagb-buttons__outer-wrap uagb-btn__default-btn uagb-btn-tablet__default-btn uagb-btn-mobile__default-btn uagb-block-087226cc\"><div class=\"uagb-buttons__wrap uagb-buttons-layout-wrap\">\n<div class=\"wp-block-uagb-buttons-child uagb-buttons__outer-wrap uagb-block-42491700 wp-block-button\"><div class=\"uagb-button__wrapper\"><a class=\"uagb-buttons-repeater wp-block-button__link\" href=\"http:\/\/www.la-petite-fabrique-de-site.com\/site-montjoie\/category\/colo-2025\/\" onclick=\"return true;\" rel=\"follow noopener\" target=\"_self\"><div class=\"uagb-button__link\">Voir le blog<\/div><\/a><\/div><\/div>\n<\/div><\/div>\n<\/div>\n<\/div>\n\n\n\n<p><\/p>\n\n<\/li><\/ul><\/div>\n<\/div>\n\n\n\n<div class=\"inherit-container-width wp-block-group alignfull has-background is-layout-constrained wp-block-group-is-layout-constrained\" style=\"background-color:#fbf6f0\"><\/div>\n\n\n\n<div class=\"inherit-container-width wp-block-group alignfull has-background is-layout-constrained wp-block-group-is-layout-constrained\" style=\"background-color:#d5edf9\">\n<h2 class=\"wp-block-heading\">Retrouve ta colo !<\/h2>\n\n\n\n\t\t\t<div class=\"wp-block-uagb-post-grid uagb-post-grid  uagb-post__image-position-top uagb-post__image-enabled uagb-block-637400e7     uagb-post__items uagb-post__columns-3 is-grid uagb-post__columns-tablet-2 uagb-post__columns-mobile-1 uagb-post__equal-height\" data-total=\"17\" style=\"\">\n\n\t\t\t\t\t\t\t\t\t\t\t\t<article class=\"uagb-post__inner-wrap\">\t\t\t\t\t\t\t\t<div class='uagb-post__image'>\n\t\t\t\t\t\t\t\t\t<a href=\"http:\/\/www.la-petite-fabrique-de-site.com\/site-montjoie\/colo-2024\/\" target=\"_self\" rel=\"bookmark noopener noreferrer\" class='uagb-image-ratio-2-3'><img loading=\"lazy\" decoding=\"async\" width=\"941\" height=\"531\" src=\"http:\/\/www.la-petite-fabrique-de-site.com\/site-montjoie\/wp-content\/uploads\/2024\/06\/Capture-decran-2024-07-24-a-08.24.30.png\" class=\"attachment-large size-large\" alt=\"\" srcset=\"http:\/\/www.la-petite-fabrique-de-site.com\/site-montjoie\/wp-content\/uploads\/2024\/06\/Capture-decran-2024-07-24-a-08.24.30.png 941w, http:\/\/www.la-petite-fabrique-de-site.com\/site-montjoie\/wp-content\/uploads\/2024\/06\/Capture-decran-2024-07-24-a-08.24.30-300x169.png 300w, http:\/\/www.la-petite-fabrique-de-site.com\/site-montjoie\/wp-content\/uploads\/2024\/06\/Capture-decran-2024-07-24-a-08.24.30-768x433.png 768w\" sizes=\"auto, (max-width: 941px) 100vw, 941px\" \/>\t\t\t\t\t<\/a>\n\t\t\t\t\t\t\t<\/div>\n\t\t\t\t\t\t<h4 class=\"uagb-post__title uagb-post__text\">\n\t\t\t\t<a href=\"http:\/\/www.la-petite-fabrique-de-site.com\/site-montjoie\/colo-2024\/\" target=\"_self\" rel=\"bookmark noopener noreferrer\">Colo 2024<\/a>\n\t\t\t<\/h4>\n\t\t\t\t\t\t<div class='uagb-post__text uagb-post-grid-byline'>\n\t\t\t\t\t\t\t<\/div>\n\t\t\t\t\t\t\t<div class='uagb-post__text uagb-post__excerpt'>\n\t\t\t\t\t<!-- wp:paragraph -->\n<p><strong>Lieu :<\/strong>&nbsp;Saint Germain de Marencennes<br><strong>Direction :<\/strong>&nbsp;Bertille, Neema, Camille<br><strong>Cuisinier :<\/strong>&nbsp;Yohann <strong>Aide cuisine : <\/strong>Emeline<br><strong>Perso tech :&nbsp;<\/strong>Nanette, Cl\u00e9mence<br><strong>Animateurs :<\/strong>&nbsp;Jos\u00e9phine, Sarah, Z\u00e9phyrine, Lila, Matthias, Marceau et Tao<\/p>\n<!-- \/wp:paragraph -->\n\n<!-- wp:group {\"align\":\"wide\",\"style\":{\"spacing\":{\"padding\":{\"top\":\"var:preset|spacing|60\",\"bottom\":\"var:preset|spacing|60\"}}},\"layout\":{\"type\":\"constrained\"}} -->\n<div class=\"wp-block-group alignwide\" style=\"padding-top:var(--wp--preset--spacing--60);padding-bottom:var(--wp--preset--spacing--60)\"><!-- wp:group {\"layout\":{\"type\":\"constrained\"}} -->\n<div class=\"wp-block-group\"><!-- wp:uagb\/buttons {\"block_id\":\"f7c7652c\",\"classMigrate\":true,\"childMigrate\":true} -->\n<div class=\"wp-block-uagb-buttons uagb-buttons__outer-wrap uagb-btn__default-btn uagb-btn-tablet__default-btn uagb-btn-mobile__default-btn uagb-block-f7c7652c\"><div class=\"uagb-buttons__wrap uagb-buttons-layout-wrap\"><!-- wp:uagb\/buttons-child {\"block_id\":\"c8df49b2\",\"label\":\"Voir le blog\",\"link\":\"http:\/\/www.la-petite-fabrique-de-site.com\/site-montjoie\/category\/colo-2024\/\",\"color\":\"#ffffff\",\"background\":\"#2fb653\",\"borderWidth\":\"\",\"borderRadius\":\"\",\"borderStyle\":\"\",\"borderColor\":\"\",\"borderHColor\":\"\",\"btnBorderTopWidth\":1,\"btnBorderLeftWidth\":1,\"btnBorderRightWidth\":1,\"btnBorderBottomWidth\":1,\"btnBorderTopLeftRadius\":30,\"btnBorderTopRightRadius\":30,\"btnBorderBottomLeftRadius\":30,\"btnBorderBottomRightRadius\":30,\"btnBorderStyle\":\"solid\",\"btnBorderHColor\":\"#333\",\"showIcon\":true} -->\n<div class=\"wp-block-uagb-buttons-child uagb-buttons__outer-wrap uagb-block-c8df49b2 wp-block-button\"><div class=\"uagb-button__wrapper\"><a class=\"uagb-buttons-repeater wp-block-button__link\" href=\"http:\/\/www.la-petite-fabrique-de-site.com\/site-montjoie\/category\/colo-2024\/\" rel=\"follow noopener\" target=\"_self\"><div class=\"uagb-button__link\">Voir le blog<\/div><span class=\"uagb-button__icon uagb-button__icon-position-after\"><\/span><\/a><\/div><\/div>\n<!-- \/wp:uagb\/buttons-child --><\/div><\/div>\n<!-- \/wp:uagb\/buttons --><\/div>\n<!-- \/wp:group --><\/div>\n<!-- \/wp:group -->\t\t\t\t<\/div>\n\t\t\t\t\t\t\t\t\t\t\t\t<\/article>\n\t\t\t\t\t\t\t\t\t\t\t\t\t\t\t\t<article class=\"uagb-post__inner-wrap\">\t\t\t\t\t\t\t\t<div class='uagb-post__image'>\n\t\t\t\t\t\t\t\t\t<a href=\"http:\/\/www.la-petite-fabrique-de-site.com\/site-montjoie\/colo-2023\/\" target=\"_self\" rel=\"bookmark noopener noreferrer\" class='uagb-image-ratio-2-3'><img loading=\"lazy\" decoding=\"async\" width=\"1024\" height=\"768\" src=\"http:\/\/www.la-petite-fabrique-de-site.com\/site-montjoie\/wp-content\/uploads\/2023\/08\/OVFN9206-1024x768.jpg\" class=\"attachment-large size-large\" alt=\"\" srcset=\"http:\/\/www.la-petite-fabrique-de-site.com\/site-montjoie\/wp-content\/uploads\/2023\/08\/OVFN9206-1024x768.jpg 1024w, http:\/\/www.la-petite-fabrique-de-site.com\/site-montjoie\/wp-content\/uploads\/2023\/08\/OVFN9206-300x225.jpg 300w, http:\/\/www.la-petite-fabrique-de-site.com\/site-montjoie\/wp-content\/uploads\/2023\/08\/OVFN9206-768x576.jpg 768w, http:\/\/www.la-petite-fabrique-de-site.com\/site-montjoie\/wp-content\/uploads\/2023\/08\/OVFN9206-1536x1152.jpg 1536w, http:\/\/www.la-petite-fabrique-de-site.com\/site-montjoie\/wp-content\/uploads\/2023\/08\/OVFN9206.jpg 1600w\" sizes=\"auto, (max-width: 1024px) 100vw, 1024px\" \/>\t\t\t\t\t<\/a>\n\t\t\t\t\t\t\t<\/div>\n\t\t\t\t\t\t<h4 class=\"uagb-post__title uagb-post__text\">\n\t\t\t\t<a href=\"http:\/\/www.la-petite-fabrique-de-site.com\/site-montjoie\/colo-2023\/\" target=\"_self\" rel=\"bookmark noopener noreferrer\">Colo 2023<\/a>\n\t\t\t<\/h4>\n\t\t\t\t\t\t<div class='uagb-post__text uagb-post-grid-byline'>\n\t\t\t\t\t\t\t<\/div>\n\t\t\t\t\t\t\t<div class='uagb-post__text uagb-post__excerpt'>\n\t\t\t\t\t<!-- wp:paragraph -->\n<p><strong>Lieu :<\/strong>\u00a0Saint Germain de Marencennes<br><strong>Direction :<\/strong>\u00a0Bertille, Neema, Elina<br><strong>Cuisini\u00e8re :<\/strong>\u00a0Agn\u00e8s\u00a0<br><strong>Perso tech :\u00a0<\/strong>Christophe, Z\u00e9phyrien, Elodie, Na\u00efl<br><strong>Animateurs :<\/strong>\u00a0Jos\u00e9phine, Sarah, Camille, Laurine, Famadi, Tao, Swann<\/p>\n<!-- \/wp:paragraph -->\n\n<!-- wp:buttons {\"layout\":{\"type\":\"flex\",\"justifyContent\":\"center\",\"orientation\":\"vertical\",\"verticalAlignment\":\"center\"},\"style\":{\"spacing\":{\"margin\":{\"top\":\"var:preset|spacing|60\",\"bottom\":\"0\"}}}} -->\n<div class=\"wp-block-buttons\" style=\"margin-top:var(--wp--preset--spacing--60);margin-bottom:0\"><!-- wp:button {\"backgroundColor\":\"vivid-purple\"} -->\n<div class=\"wp-block-button\"><a class=\"wp-block-button__link has-vivid-purple-background-color has-background wp-element-button\" href=\"http:\/\/www.la-petite-fabrique-de-site.com\/site-montjoie\/category\/colo-2023\/\">Voir le Blog<\/a><\/div>\n<!-- \/wp:button --><\/div>\n<!-- \/wp:buttons -->\t\t\t\t<\/div>\n\t\t\t\t\t\t\t\t\t\t\t\t<\/article>\n\t\t\t\t\t\t\t\t\t\t\t\t\t\t\t\t<article class=\"uagb-post__inner-wrap\">\t\t\t\t\t\t\t\t<div class='uagb-post__image'>\n\t\t\t\t\t\t\t\t\t<a href=\"http:\/\/www.la-petite-fabrique-de-site.com\/site-montjoie\/colo-2022\/\" target=\"_self\" rel=\"bookmark noopener noreferrer\" class='uagb-image-ratio-2-3'><img loading=\"lazy\" decoding=\"async\" width=\"1024\" height=\"677\" src=\"http:\/\/www.la-petite-fabrique-de-site.com\/site-montjoie\/wp-content\/uploads\/2023\/06\/2022-1024x677.png\" class=\"attachment-large size-large\" alt=\"\" srcset=\"http:\/\/www.la-petite-fabrique-de-site.com\/site-montjoie\/wp-content\/uploads\/2023\/06\/2022-1024x677.png 1024w, http:\/\/www.la-petite-fabrique-de-site.com\/site-montjoie\/wp-content\/uploads\/2023\/06\/2022-300x198.png 300w, http:\/\/www.la-petite-fabrique-de-site.com\/site-montjoie\/wp-content\/uploads\/2023\/06\/2022-768x508.png 768w, http:\/\/www.la-petite-fabrique-de-site.com\/site-montjoie\/wp-content\/uploads\/2023\/06\/2022.png 1068w\" sizes=\"auto, (max-width: 1024px) 100vw, 1024px\" \/>\t\t\t\t\t<\/a>\n\t\t\t\t\t\t\t<\/div>\n\t\t\t\t\t\t<h4 class=\"uagb-post__title uagb-post__text\">\n\t\t\t\t<a href=\"http:\/\/www.la-petite-fabrique-de-site.com\/site-montjoie\/colo-2022\/\" target=\"_self\" rel=\"bookmark noopener noreferrer\">Colo 2022<\/a>\n\t\t\t<\/h4>\n\t\t\t\t\t\t<div class='uagb-post__text uagb-post-grid-byline'>\n\t\t\t\t\t\t\t<\/div>\n\t\t\t\t\t\t\t<div class='uagb-post__text uagb-post__excerpt'>\n\t\t\t\t\t<!-- wp:paragraph -->\n<p><strong>Lieu :<\/strong>\u00a0Saint Germain de Marencennes<br><strong>Direction :<\/strong>\u00a0Bertille, Gloire, Philippe B.<br><strong>Cuisini\u00e8re :<\/strong>\u00a0Agn\u00e8s\u00a0<br><strong>Perso tech :\u00a0<\/strong>Christophe, Elina, Sarah, Elisa<br><strong>Animateurs :<\/strong>\u00a0Adriane, Neema, Zo\u00e9, Yasmine, No\u00e9, Jos\u00e9phine, Elodie<\/p>\n<!-- \/wp:paragraph -->\n\n<!-- wp:buttons {\"align\":\"wide\",\"layout\":{\"type\":\"flex\",\"verticalAlignment\":\"center\",\"justifyContent\":\"center\"},\"style\":{\"spacing\":{\"margin\":{\"top\":\"var:preset|spacing|60\"}}}} -->\n<div class=\"wp-block-buttons alignwide\" style=\"margin-top:var(--wp--preset--spacing--60)\"><!-- wp:button {\"textAlign\":\"center\",\"backgroundColor\":\"luminous-vivid-amber\"} -->\n<div class=\"wp-block-button\"><a class=\"wp-block-button__link has-luminous-vivid-amber-background-color has-background has-text-align-center wp-element-button\" href=\"http:\/\/www.la-petite-fabrique-de-site.com\/site-montjoie\/category\/colo-2022\/\">Voir le journal<\/a><\/div>\n<!-- \/wp:button --><\/div>\n<!-- \/wp:buttons -->\t\t\t\t<\/div>\n\t\t\t\t\t\t\t\t\t\t\t\t<\/article>\n\t\t\t\t\t\t\t\t\t\t\t<\/div>\n\t\t\t<\/div>\n\n\n\n<div class=\"inherit-container-width wp-block-group alignfull has-background is-layout-constrained wp-block-group-is-layout-constrained\" style=\"background-color:#fbf6f0\">\n<h2 class=\"wp-block-heading\">L&rsquo;Asso dans la presse<\/h2>\n\n\n\n<div class=\"wp-block-query alignwide is-layout-flow wp-block-query-is-layout-flow\"><ul class=\"wp-block-post-template is-layout-flow wp-block-post-template-is-layout-flow\"><li class=\"wp-block-post post-6704 post type-post status-publish format-standard has-post-thumbnail hentry category-colos category-sejours\">\n\n\t\t\t<div class=\"wp-block-uagb-post-carousel uagb-post-grid  uagb-post__image-position-top uagb-post__image-enabled uagb-block-76ab7bf9     uagb-post__arrow-outside uagb-slick-carousel uagb-post__items uagb-post__columns-1 is-carousel uagb-post__columns-tablet-2 uagb-post__columns-mobile-1\" data-total=\"2\" style=\"\">\n\n\t\t\t\t\t\t\t\t\t\t\t\t<article class=\"uagb-post__inner-wrap\">\t\t\t\t\t\t\t\t<div class='uagb-post__image'>\n\t\t\t\t\t\t\t\t\t<a href=\"http:\/\/www.la-petite-fabrique-de-site.com\/site-montjoie\/assemble-generale-2025\/\" target=\"_self\" rel=\"bookmark noopener noreferrer\"><img loading=\"lazy\" decoding=\"async\" width=\"1024\" height=\"565\" src=\"http:\/\/www.la-petite-fabrique-de-site.com\/site-montjoie\/wp-content\/uploads\/2025\/02\/Capture-decran-2025-02-07-a-16.02.40-1024x565.png\" class=\"attachment-large size-large\" alt=\"\" srcset=\"http:\/\/www.la-petite-fabrique-de-site.com\/site-montjoie\/wp-content\/uploads\/2025\/02\/Capture-decran-2025-02-07-a-16.02.40-1024x565.png 1024w, http:\/\/www.la-petite-fabrique-de-site.com\/site-montjoie\/wp-content\/uploads\/2025\/02\/Capture-decran-2025-02-07-a-16.02.40-300x165.png 300w, http:\/\/www.la-petite-fabrique-de-site.com\/site-montjoie\/wp-content\/uploads\/2025\/02\/Capture-decran-2025-02-07-a-16.02.40-768x423.png 768w, http:\/\/www.la-petite-fabrique-de-site.com\/site-montjoie\/wp-content\/uploads\/2025\/02\/Capture-decran-2025-02-07-a-16.02.40.png 1326w\" sizes=\"auto, (max-width: 1024px) 100vw, 1024px\" \/>\t\t\t\t\t<\/a>\n\t\t\t\t\t\t\t\t\t<\/div>\n\t\t\t\t\t\t<div class='uagb-post__text uagb-post-grid-byline'>\n\t\t\t\t\t\t\t<\/div>\n\t\t\t\t\t\t\t\t\t\t\t\t<\/article>\n\t\t\t\t\t\t\t\t\t\t\t\t\t\t\t\t<article class=\"uagb-post__inner-wrap\">\t\t\t\t\t\t\t\t<div class='uagb-post__image'>\n\t\t\t\t\t\t\t\t\t<a href=\"http:\/\/www.la-petite-fabrique-de-site.com\/site-montjoie\/article-journal-delbeuf\/\" target=\"_self\" rel=\"bookmark noopener noreferrer\"><img loading=\"lazy\" decoding=\"async\" width=\"1024\" height=\"636\" src=\"http:\/\/www.la-petite-fabrique-de-site.com\/site-montjoie\/wp-content\/uploads\/2024\/01\/Article-Montjoie-AG-2023-1024x636.jpg\" class=\"attachment-large size-large\" alt=\"\" srcset=\"http:\/\/www.la-petite-fabrique-de-site.com\/site-montjoie\/wp-content\/uploads\/2024\/01\/Article-Montjoie-AG-2023-1024x636.jpg 1024w, http:\/\/www.la-petite-fabrique-de-site.com\/site-montjoie\/wp-content\/uploads\/2024\/01\/Article-Montjoie-AG-2023-300x186.jpg 300w, http:\/\/www.la-petite-fabrique-de-site.com\/site-montjoie\/wp-content\/uploads\/2024\/01\/Article-Montjoie-AG-2023-768x477.jpg 768w, http:\/\/www.la-petite-fabrique-de-site.com\/site-montjoie\/wp-content\/uploads\/2024\/01\/Article-Montjoie-AG-2023.jpg 1179w\" sizes=\"auto, (max-width: 1024px) 100vw, 1024px\" \/>\t\t\t\t\t<\/a>\n\t\t\t\t\t\t\t\t\t<\/div>\n\t\t\t\t\t\t<div class='uagb-post__text uagb-post-grid-byline'>\n\t\t\t\t\t\t\t<\/div>\n\t\t\t\t\t\t\t\t\t\t\t\t<\/article>\n\t\t\t\t\t\t\t\t\t\t\t\t\t\t\t\t<article class=\"uagb-post__inner-wrap\">\t\t\t\t\t\t\t\t<div class='uagb-post__image'>\n\t\t\t\t\t\t\t\t\t<a href=\"http:\/\/www.la-petite-fabrique-de-site.com\/site-montjoie\/article-journal-delbeuf-aout-2023\/\" target=\"_self\" rel=\"bookmark noopener noreferrer\"><img loading=\"lazy\" decoding=\"async\" width=\"1024\" height=\"493\" src=\"http:\/\/www.la-petite-fabrique-de-site.com\/site-montjoie\/wp-content\/uploads\/2023\/08\/Journal-Elbeuf-Aout-2023-1024x493.png\" class=\"attachment-large size-large\" alt=\"\" srcset=\"http:\/\/www.la-petite-fabrique-de-site.com\/site-montjoie\/wp-content\/uploads\/2023\/08\/Journal-Elbeuf-Aout-2023-1024x493.png 1024w, http:\/\/www.la-petite-fabrique-de-site.com\/site-montjoie\/wp-content\/uploads\/2023\/08\/Journal-Elbeuf-Aout-2023-300x145.png 300w, http:\/\/www.la-petite-fabrique-de-site.com\/site-montjoie\/wp-content\/uploads\/2023\/08\/Journal-Elbeuf-Aout-2023-768x370.png 768w, http:\/\/www.la-petite-fabrique-de-site.com\/site-montjoie\/wp-content\/uploads\/2023\/08\/Journal-Elbeuf-Aout-2023.png 1231w\" sizes=\"auto, (max-width: 1024px) 100vw, 1024px\" \/>\t\t\t\t\t<\/a>\n\t\t\t\t\t\t\t\t\t<\/div>\n\t\t\t\t\t\t<div class='uagb-post__text uagb-post-grid-byline'>\n\t\t\t\t\t\t\t<\/div>\n\t\t\t\t\t\t\t\t\t\t\t\t<\/article>\n\t\t\t\t\t\t\t\t\t\t\t<\/div>\n\t\t\t\n<\/li><\/ul><\/div>\n<\/div>\n\n\n\n<p><\/p>\n","protected":false},"excerpt":{"rendered":"<p>Colo 2025 Retrouve ta colo ! L&rsquo;Asso dans la presse<\/p>\n","protected":false},"author":1,"featured_media":0,"parent":0,"menu_order":0,"comment_status":"closed","ping_status":"closed","template":"","meta":{"_uag_custom_page_level_css":"","site-sidebar-layout":"default","site-content-layout":"","ast-site-content-layout":"default","site-content-style":"default","site-sidebar-style":"default","ast-global-header-display":"","ast-banner-title-visibility":"","ast-main-header-display":"","ast-hfb-above-header-display":"","ast-hfb-below-header-display":"","ast-hfb-mobile-header-display":"","site-post-title":"disabled","ast-breadcrumbs-content":"","ast-featured-img":"","footer-sml-layout":"","theme-transparent-header-meta":"","adv-header-id-meta":"","stick-header-meta":"","header-above-stick-meta":"","header-main-stick-meta":"","header-below-stick-meta":"","astra-migrate-meta-layouts":"set","ast-page-background-enabled":"default","ast-page-background-meta":{"desktop":{"background-color":"var(--ast-global-color-5)","background-image":"","background-repeat":"repeat","background-position":"center center","background-size":"auto","background-attachment":"scroll","background-type":"","background-media":"","overlay-type":"","overlay-color":"","overlay-opacity":"","overlay-gradient":""},"tablet":{"background-color":"","background-image":"","background-repeat":"repeat","background-position":"center center","background-size":"auto","background-attachment":"scroll","background-type":"","background-media":"","overlay-type":"","overlay-color":"","overlay-opacity":"","overlay-gradient":""},"mobile":{"background-color":"","background-image":"","background-repeat":"repeat","background-position":"center center","background-size":"auto","background-attachment":"scroll","background-type":"","background-media":"","overlay-type":"","overlay-color":"","overlay-opacity":"","overlay-gradient":""}},"ast-content-background-meta":{"desktop":{"background-color":"var(--ast-global-color-4)","background-image":"","background-repeat":"repeat","background-position":"center center","background-size":"auto","background-attachment":"scroll","background-type":"","background-media":"","overlay-type":"","overlay-color":"","overlay-opacity":"","overlay-gradient":""},"tablet":{"background-color":"var(--ast-global-color-4)","background-image":"","background-repeat":"repeat","background-position":"center center","background-size":"auto","background-attachment":"scroll","background-type":"","background-media":"","overlay-type":"","overlay-color":"","overlay-opacity":"","overlay-gradient":""},"mobile":{"background-color":"var(--ast-global-color-4)","background-image":"","background-repeat":"repeat","background-position":"center center","background-size":"auto","background-attachment":"scroll","background-type":"","background-media":"","overlay-type":"","overlay-color":"","overlay-opacity":"","overlay-gradient":""}},"footnotes":""},"class_list":["post-92","page","type-page","status-publish","hentry"],"uagb_featured_image_src":{"full":false,"thumbnail":false,"medium":false,"medium_large":false,"large":false,"1536x1536":false,"2048x2048":false},"uagb_author_info":{"display_name":"assomontjoie","author_link":"http:\/\/www.la-petite-fabrique-de-site.com\/site-montjoie\/author\/gl-admin\/"},"uagb_comment_info":0,"uagb_excerpt":"Colo 2025 Retrouve ta colo ! L&rsquo;Asso dans la presse","_links":{"self":[{"href":"http:\/\/www.la-petite-fabrique-de-site.com\/site-montjoie\/wp-json\/wp\/v2\/pages\/92","targetHints":{"allow":["GET"]}}],"collection":[{"href":"http:\/\/www.la-petite-fabrique-de-site.com\/site-montjoie\/wp-json\/wp\/v2\/pages"}],"about":[{"href":"http:\/\/www.la-petite-fabrique-de-site.com\/site-montjoie\/wp-json\/wp\/v2\/types\/page"}],"author":[{"embeddable":true,"href":"http:\/\/www.la-petite-fabrique-de-site.com\/site-montjoie\/wp-json\/wp\/v2\/users\/1"}],"replies":[{"embeddable":true,"href":"http:\/\/www.la-petite-fabrique-de-site.com\/site-montjoie\/wp-json\/wp\/v2\/comments?post=92"}],"version-history":[{"count":156,"href":"http:\/\/www.la-petite-fabrique-de-site.com\/site-montjoie\/wp-json\/wp\/v2\/pages\/92\/revisions"}],"predecessor-version":[{"id":8142,"href":"http:\/\/www.la-petite-fabrique-de-site.com\/site-montjoie\/wp-json\/wp\/v2\/pages\/92\/revisions\/8142"}],"wp:attachment":[{"href":"http:\/\/www.la-petite-fabrique-de-site.com\/site-montjoie\/wp-json\/wp\/v2\/media?parent=92"}],"curies":[{"name":"wp","href":"https:\/\/api.w.org\/{rel}","templated":true}]}}