{"id":97,"date":"2023-05-22T18:35:47","date_gmt":"2023-05-22T16:35:47","guid":{"rendered":"http:\/\/www.la-petite-fabrique-de-site.com\/site-montjoie\/?page_id=97"},"modified":"2025-03-26T17:45:04","modified_gmt":"2025-03-26T16:45:04","slug":"lassociation","status":"publish","type":"page","link":"http:\/\/www.la-petite-fabrique-de-site.com\/site-montjoie\/lassociation\/","title":{"rendered":"L&rsquo;association"},"content":{"rendered":"\n<div class=\"wp-block-uagb-container uagb-block-2ba33c75 alignwide uagb-is-root-container\">\n<div class=\"inherit-container-width wp-block-group has-ffffff-background-color has-background is-layout-constrained wp-block-group-is-layout-constrained\" style=\"margin-top:40px\">\n<h2 class=\"wp-block-heading\">Pr\u00e9sentation<\/h2>\n\n\n\n<p>Cr\u00e9\u00e9 en 1964 par Robert Lebeau, l\u2019Association familiale Montjoie est une association loi 1901 \u00e0 but non lucratif qui intervient dans le domaine des vacances et des loisirs. Elle organise depuis pr\u00e8s de 60 ans des centres de vacances, s\u00e9jours d\u2019adolescents, s\u00e9jours familles dans l\u2019agglom\u00e9ration Elbeuvienne.<\/p>\n\n\n\n<ul class=\"wp-block-list\">\n<li><strong>Agr\u00e9ment Jeunesse et Sport :<\/strong> 076 ORG 0111<\/li>\n\n\n\n<li><strong>Agr\u00e9ment Jeunesse \u00c9ducation Populaire : <\/strong>76 J 16 03<\/li>\n\n\n\n<li><strong>Agr\u00e9ment VACAF<\/strong><\/li>\n<\/ul>\n<\/div>\n\n\n\n<div class=\"inherit-container-width wp-block-group is-layout-constrained wp-block-group-is-layout-constrained\">\n<div class=\"wp-block-columns is-layout-flex wp-container-core-columns-is-layout-1e7a8a7b wp-block-columns-is-layout-flex\" style=\"margin-top:40px\">\n<div class=\"wp-block-column is-layout-flow wp-block-column-is-layout-flow\">\n<div class=\"inherit-container-width wp-block-group is-layout-constrained wp-block-group-is-layout-constrained\">\n<h2 class=\"wp-block-heading\">Le bureau<\/h2>\n\n\n\n<ul class=\"wp-block-list\">\n<li><strong>Pr\u00e9sident :<\/strong> Philippe Petit <\/li>\n\n\n\n<li><strong>Vice-Pr\u00e9sidente :<\/strong> Karine Lucas <\/li>\n\n\n\n<li><strong>Secr\u00e9taire :<\/strong> C\u00e9line Guenet <\/li>\n\n\n\n<li><strong>Tr\u00e9sorier :<\/strong> Guillaume Lebas<\/li>\n<\/ul>\n<\/div>\n\n\n\n<div class=\"wp-block-uagb-icon-list uagb-block-0dceebd0\"><div class=\"uagb-icon-list__wrap\">\n<div class=\"wp-block-uagb-icon-list-child uagb-block-ebf6052b\"><a target=\"_self\" aria-label=\"Plaquette association\" rel=\"noopener noreferrer\" href=\"http:\/\/www.la-petite-fabrique-de-site.com\/site-montjoie\/wp-content\/uploads\/2023\/06\/plaquette2023.pdf\"> <\/a><span class=\"uagb-icon-list__source-wrap\"><svg xmlns=\"https:\/\/www.w3.org\/2000\/svg\" viewBox=\"0 0 512 512\"><path d=\"M256 0C114.6 0 0 114.6 0 256c0 141.4 114.6 256 256 256s256-114.6 256-256C512 114.6 397.4 0 256 0zM406.6 278.6l-103.1 103.1c-12.5 12.5-32.75 12.5-45.25 0s-12.5-32.75 0-45.25L306.8 288H128C110.3 288 96 273.7 96 256s14.31-32 32-32h178.8l-49.38-49.38c-12.5-12.5-12.5-32.75 0-45.25s32.75-12.5 45.25 0l103.1 103.1C414.6 241.3 416 251.1 416 256C416 260.9 414.6 270.7 406.6 278.6z\"><\/path><\/svg><\/span><span class=\"uagb-icon-list__label\"><strong>Plaquette association<\/strong><\/span><\/div>\n<\/div><\/div>\n<\/div>\n\n\n\n<div class=\"wp-block-column is-layout-flow wp-block-column-is-layout-flow\">\n<div class=\"wp-block-uagb-image aligncenter uagb-block-b70b5d75 wp-block-uagb-image--layout-default wp-block-uagb-image--effect-static wp-block-uagb-image--align-center\"><figure class=\"wp-block-uagb-image__figure\"><a class=\"\" href=\"http:\/\/www.la-petite-fabrique-de-site.com\/site-montjoie\/wp-content\/uploads\/2023\/06\/plaquette2023.pdf\" target=\"\" rel=\"noopener\"><img decoding=\"async\" srcset=\"http:\/\/www.la-petite-fabrique-de-site.com\/site-montjoie\/wp-content\/uploads\/2023\/06\/plaquetteasso.jpeg \" sizes=\"auto, (max-width: 480px) 150px\" src=\"http:\/\/www.la-petite-fabrique-de-site.com\/site-montjoie\/wp-content\/uploads\/2023\/06\/plaquetteasso.jpeg\" alt=\"Plaquette association\" class=\"uag-image-831\" width=\"258\" height=\"193\" title=\"\" loading=\"lazy\"\/><\/a><figcaption class=\"uagb-image-caption\"><a href=\"http:\/\/www.la-petite-fabrique-de-site.com\/site-montjoie\/wp-content\/uploads\/2023\/06\/plaquette2023.pdf\">Plaquette de l&rsquo;association<\/a><\/figcaption><\/figure><\/div>\n<\/div>\n<\/div>\n<\/div>\n\n\n\n<div class=\"inherit-container-width wp-block-group is-layout-constrained wp-block-group-is-layout-constrained\" style=\"margin-top:40px\">\n<h2 class=\"wp-block-heading\">Projet \u00e9ducatif<\/h2>\n\n\n\n<p>L\u2019Association Familiale Montjoie est une association de l\u2019agglom\u00e9ration Elbeuvienne, travaillant en collaboration avec diff\u00e9rents organismes sociaux, foyers, associations et accueillant des enfants et familles principalement en difficult\u00e9s sociales et \u00e9conomiques.<\/p>\n\n\n\n<p>Le projet d\u2019association est de permettre \u00e0 des enfants, adolescents et adultes de passer chaque ann\u00e9e une partie de leurs vacances dans une ambiance \u00e9ducative.<\/p>\n\n\n\n<p>Ce projet est r\u00e9alis\u00e9 par la cr\u00e9ation et l\u2019organisation d\u2019un centre de vacances, d\u2019un camp d\u2019adolescents et de s\u00e9jours de vacances pour familles.<\/p>\n\n\n\n<p>Il est mis en \u0153uvre par deux axes pr\u00e9dominant :<\/p>\n\n\n\n<ul class=\"wp-block-list\">\n<li>Un s\u00e9jour de qualit\u00e9 : qualit\u00e9 du contenu et des formes d\u2019animations. Qualit\u00e9 par le taux d\u2019encadrement, les qualifications des personnels d\u2019animation et techniques.<\/li>\n\n\n\n<li>Des r\u00e9ponses et organisations face \u00e0 la d\u00e9liquescence de la vie sociale sous toutes ses formes constat\u00e9es (violences, rapport aux autres\u2026).<\/li>\n<\/ul>\n<\/div>\n\n\n\n<div class=\"inherit-container-width wp-block-group is-layout-constrained wp-block-group-is-layout-constrained\" style=\"margin-top:40px\">\n<h2 class=\"wp-block-heading\">Les s\u00e9jours<\/h2>\n\n\n\n<ul class=\"wp-block-list\">\n<li><strong>Un centre de vacances (6\/12 ans) :<\/strong> Le s\u00e9jour de vacances a pour objectif de faire partir une cinquantaine d\u2019enfants \u00e2g\u00e9s de 6 \u00e0 12 ans sur une p\u00e9riode de 21 jours.<\/li>\n\n\n\n<li><strong>Un camp d\u2019adolescents (13\/14 ans) :<\/strong> Le camp d&rsquo;ados s&rsquo;adresse \u00e0 des jeunes connus de l&rsquo;association comme une poursuite de la colo 6\/12 ans. Le projet vise \u00e0 \u00eatre mont\u00e9 par les jeunes.<\/li>\n\n\n\n<li><strong>Un s\u00e9jour famille : <\/strong>Le s\u00e9jour famille vise \u00e0 construire et \u00e0 r\u00e9aliser avec chaque famille son projet de vacances en favorisant des moments privil\u00e9gi\u00e9s parents\/enfants.<\/li>\n<\/ul>\n<\/div>\n\n\n\n<div class=\"inherit-container-width wp-block-group is-layout-constrained wp-block-group-is-layout-constrained\" style=\"padding-top:40px;padding-bottom:40px\">\n<h2 class=\"wp-block-heading\">Nos valeurs p\u00e9dagogiques<\/h2>\n\n\n\n<ul class=\"wp-block-list\">\n<li>Mettre l\u2019accent sur des activit\u00e9s \u00e9ducatives et ludiques.<\/li>\n\n\n\n<li>Cr\u00e9er un environnement s\u00e9curisant, favorable aux apprentissages, aux d\u00e9couvertes et \u00e0 l\u2019autonomie.<\/li>\n\n\n\n<li>Privil\u00e9gier les s\u00e9jours \u00e0 th\u00e8mes et des grands jeux favorisant l\u2019imaginaire et le respect des r\u00e8gles et du collectif, les activit\u00e9s manuelles cr\u00e9atives et les activit\u00e9s d\u2019expression.<\/li>\n\n\n\n<li>Permettre la d\u00e9couverte d\u2019un environnement diff\u00e9rent (mer ou montagne, s\u00e9jour \u00e0 l\u2019\u00e9tranger pour les ados) et l\u2019initiation \u00e0 des activit\u00e9s physiques de pleine nature encadr\u00e9es par des prestataires d\u2019organismes ext\u00e9rieurs (\u00e9quitation, accro branche, kayak \u2026)<\/li>\n<\/ul>\n<\/div>\n<\/div>\n\n\n\n<div class=\"wp-block-group alignwide has-ast-global-color-5-background-color has-background is-layout-constrained wp-block-group-is-layout-constrained\" style=\"margin-bottom:30px\">\n<div class=\"wp-block-group alignwide is-content-justification-left is-layout-constrained wp-container-core-group-is-layout-0d40536a wp-block-group-is-layout-constrained\" style=\"padding-top:0px;padding-right:0px;padding-bottom:0px;padding-left:0px\">\n<div class=\"wp-block-columns alignwide is-layout-flex wp-container-core-columns-is-layout-28f84493 wp-block-columns-is-layout-flex\">\n<div class=\"wp-block-column is-layout-flow wp-block-column-is-layout-flow\" style=\"padding-top:0px;padding-right:0px;padding-bottom:0px;padding-left:0px;flex-basis:100%\">\n<div class=\"wp-block-uagb-advanced-heading uagb-block-5cfe10a7\"><h2 class=\"uagb-heading-text\">Infos asso<\/h2><\/div>\n<\/div>\n<\/div>\n<\/div>\n\n\n\n<div class=\"wp-block-columns alignwide is-layout-flex wp-container-core-columns-is-layout-70457ddf wp-block-columns-is-layout-flex\" style=\"padding-top:0px\">\n<div class=\"wp-block-column is-layout-flow wp-block-column-is-layout-flow\" style=\"flex-basis:100%\">\n\t\t\t<div class=\"wp-block-uagb-post-carousel uagb-post-grid  uagb-post__image-position-top uagb-post__image-enabled uagb-block-ad3d88a7     uagb-post__arrow-outside uagb-slick-carousel uagb-post__items uagb-post__columns-3 is-carousel uagb-post__columns-tablet-2 uagb-post__columns-mobile-1 uagb-post__carousel_equal-height\" data-total=\"1\" style=\"\">\n\n\t\t\t\t\t\t\t\t\t\t\t\t<article class=\"uagb-post__inner-wrap\">\t\t\t\t\t\t\t\t<div class='uagb-post__image'>\n\t\t\t\t\t\t\t\t\t<a href=\"http:\/\/www.la-petite-fabrique-de-site.com\/site-montjoie\/article-journal-delbeuf-60-ans\/\" target=\"_self\" rel=\"bookmark noopener noreferrer\"><img loading=\"lazy\" decoding=\"async\" width=\"960\" height=\"640\" src=\"http:\/\/www.la-petite-fabrique-de-site.com\/site-montjoie\/wp-content\/uploads\/2024\/06\/img1.jpg\" class=\"attachment-large size-large\" alt=\"\" srcset=\"http:\/\/www.la-petite-fabrique-de-site.com\/site-montjoie\/wp-content\/uploads\/2024\/06\/img1.jpg 960w, http:\/\/www.la-petite-fabrique-de-site.com\/site-montjoie\/wp-content\/uploads\/2024\/06\/img1-300x200.jpg 300w, http:\/\/www.la-petite-fabrique-de-site.com\/site-montjoie\/wp-content\/uploads\/2024\/06\/img1-768x512.jpg 768w\" sizes=\"auto, (max-width: 960px) 100vw, 960px\" \/>\t\t\t\t\t<\/a>\n\t\t\t\t\t\t\t\t\t<\/div>\n\t\t\t\t\t\t<h4 class=\"uagb-post__title uagb-post__text\">\n\t\t\t\t<a href=\"http:\/\/www.la-petite-fabrique-de-site.com\/site-montjoie\/article-journal-delbeuf-60-ans\/\" target=\"_self\" rel=\"bookmark noopener noreferrer\">Article &#8211; Journal d&rsquo;Elbeuf &#8211; 60 ans<\/a>\n\t\t\t<\/h4>\n\t\t\t\t\t\t<div class='uagb-post__text uagb-post-grid-byline'>\n\t\t\t\t\t\t\t\t<time datetime=\"2024-06-20T13:27:55+02:00\" class=\"uagb-post__date\">\n\t\t\t\t<span class=\"dashicons-calendar dashicons\"><\/span>\t\t\t\t\t20 juin 2024\t\t\t\t<\/time>\n\t\t\t\t\t\t<\/div>\n\t\t\t\t\t\t\t<div class='uagb-post__text uagb-post__excerpt'>\n\t\t\t\t\t<p>Elbeuf : soixante ans d&rsquo;aides et de camps de vacances c\u00e9l\u00e9br\u00e9s Cr\u00e9\u00e9e en 1964, l&rsquo;association familiale Montjoie, fait des heureux&#8230;\t\t\t\t<\/div>\n\t\t\t\t\t\t\t\t\t\t\t\t<\/article>\n\t\t\t\t\t\t\t\t\t\t\t\t\t\t\t\t<article class=\"uagb-post__inner-wrap\">\t\t\t\t\t\t\t\t<div class='uagb-post__image'>\n\t\t\t\t\t\t\t\t\t<a href=\"http:\/\/www.la-petite-fabrique-de-site.com\/site-montjoie\/lettre-de-depart-colo-2023\/\" target=\"_self\" rel=\"bookmark noopener noreferrer\"><img loading=\"lazy\" decoding=\"async\" width=\"596\" height=\"842\" src=\"http:\/\/www.la-petite-fabrique-de-site.com\/site-montjoie\/wp-content\/uploads\/2023\/06\/lettre-depart-2023.png\" class=\"attachment-large size-large\" alt=\"\" srcset=\"http:\/\/www.la-petite-fabrique-de-site.com\/site-montjoie\/wp-content\/uploads\/2023\/06\/lettre-depart-2023.png 596w, http:\/\/www.la-petite-fabrique-de-site.com\/site-montjoie\/wp-content\/uploads\/2023\/06\/lettre-depart-2023-212x300.png 212w\" sizes=\"auto, (max-width: 596px) 100vw, 596px\" \/>\t\t\t\t\t<\/a>\n\t\t\t\t\t\t\t\t\t<\/div>\n\t\t\t\t\t\t<h4 class=\"uagb-post__title uagb-post__text\">\n\t\t\t\t<a href=\"http:\/\/www.la-petite-fabrique-de-site.com\/site-montjoie\/lettre-de-depart-colo-2023\/\" target=\"_self\" rel=\"bookmark noopener noreferrer\">Lettre de d\u00e9part colo 2023<\/a>\n\t\t\t<\/h4>\n\t\t\t\t\t\t<div class='uagb-post__text uagb-post-grid-byline'>\n\t\t\t\t\t\t\t\t<time datetime=\"2023-06-15T13:52:38+02:00\" class=\"uagb-post__date\">\n\t\t\t\t<span class=\"dashicons-calendar dashicons\"><\/span>\t\t\t\t\t15 juin 2023\t\t\t\t<\/time>\n\t\t\t\t\t\t<\/div>\n\t\t\t\t\t\t\t<div class='uagb-post__text uagb-post__excerpt'>\n\t\t\t\t\t<p>D\u00e9part pr\u00e9vu le 2 ao\u00fbt \u00e0 10h00 sur le parking de l&rsquo;IUT d&rsquo;Elbeuf, il faudra arriver \u00e0 9h30.<\/p>\n\t\t\t\t<\/div>\n\t\t\t\t\t\t\t\t\t\t\t\t<\/article>\n\t\t\t\t\t\t\t\t\t\t\t\t\t\t\t\t<article class=\"uagb-post__inner-wrap\">\t\t\t\t\t\t\t\t<h4 class=\"uagb-post__title uagb-post__text\">\n\t\t\t\t<a href=\"http:\/\/www.la-petite-fabrique-de-site.com\/site-montjoie\/changement-de-siege-social\/\" target=\"_self\" rel=\"bookmark noopener noreferrer\">Changement de si\u00e8ge social<\/a>\n\t\t\t<\/h4>\n\t\t\t\t\t\t<div class='uagb-post__text uagb-post-grid-byline'>\n\t\t\t\t\t\t\t\t<time datetime=\"2023-06-14T20:08:00+02:00\" class=\"uagb-post__date\">\n\t\t\t\t<span class=\"dashicons-calendar dashicons\"><\/span>\t\t\t\t\t14 juin 2023\t\t\t\t<\/time>\n\t\t\t\t\t\t<\/div>\n\t\t\t\t\t\t\t<div class='uagb-post__text uagb-post__excerpt'>\n\t\t\t\t\t<p>L&rsquo;association Montjoie change de si\u00e8ge social \u00e0 compter du 1er Avril 2023 Nouvelle adresse : Association familiale Montjoie Centre social&#8230;\t\t\t\t<\/div>\n\t\t\t\t\t\t\t\t\t\t\t\t<\/article>\n\t\t\t\t\t\t\t\t\t\t\t\t\t\t\t\t<article class=\"uagb-post__inner-wrap\">\t\t\t\t\t\t\t\t<h4 class=\"uagb-post__title uagb-post__text\">\n\t\t\t\t<a href=\"http:\/\/www.la-petite-fabrique-de-site.com\/site-montjoie\/reunion-dinformation\/\" target=\"_self\" rel=\"bookmark noopener noreferrer\">R\u00e9union d&rsquo;information<\/a>\n\t\t\t<\/h4>\n\t\t\t\t\t\t<div class='uagb-post__text uagb-post-grid-byline'>\n\t\t\t\t\t\t\t\t<time datetime=\"2023-05-07T21:12:00+02:00\" class=\"uagb-post__date\">\n\t\t\t\t<span class=\"dashicons-calendar dashicons\"><\/span>\t\t\t\t\t7 mai 2023\t\t\t\t<\/time>\n\t\t\t\t\t\t<\/div>\n\t\t\t\t\t\t\t<div class='uagb-post__text uagb-post__excerpt'>\n\t\t\t\t\t<p>L&rsquo;association organise une r\u00e9union d&rsquo;information concernant son s\u00e9jour d&rsquo;\u00e9t\u00e9 2023<\/p>\n\t\t\t\t<\/div>\n\t\t\t\t\t\t\t\t\t\t\t\t<\/article>\n\t\t\t\t\t\t\t\t\t\t\t\t\t\t\t\t<article class=\"uagb-post__inner-wrap\">\t\t\t\t\t\t\t\t<h4 class=\"uagb-post__title uagb-post__text\">\n\t\t\t\t<a href=\"http:\/\/www.la-petite-fabrique-de-site.com\/site-montjoie\/permanences-2023\/\" target=\"_self\" rel=\"bookmark noopener noreferrer\">Calendrier des permanences<\/a>\n\t\t\t<\/h4>\n\t\t\t\t\t\t<div class='uagb-post__text uagb-post-grid-byline'>\n\t\t\t\t\t\t\t\t<time datetime=\"2023-03-15T20:12:00+01:00\" class=\"uagb-post__date\">\n\t\t\t\t<span class=\"dashicons-calendar dashicons\"><\/span>\t\t\t\t\t15 mars 2023\t\t\t\t<\/time>\n\t\t\t\t\t\t<\/div>\n\t\t\t\t\t\t\t<div class='uagb-post__text uagb-post__excerpt'>\n\t\t\t\t\t<p>Les permanences d&rsquo;inscriptions pour la colo 2023 sont ouvertes au centre social du Puchot \u00e0 Elbeuf (5 rue de la&#8230;\t\t\t\t<\/div>\n\t\t\t\t\t\t\t\t\t\t\t\t<\/article>\n\t\t\t\t\t\t\t\t\t\t\t\t\t\t\t\t<article class=\"uagb-post__inner-wrap\">\t\t\t\t\t\t\t\t<h4 class=\"uagb-post__title uagb-post__text\">\n\t\t\t\t<a href=\"http:\/\/www.la-petite-fabrique-de-site.com\/site-montjoie\/plaquette-colo-2023\/\" target=\"_self\" rel=\"bookmark noopener noreferrer\">Plaquette colo 2023<\/a>\n\t\t\t<\/h4>\n\t\t\t\t\t\t<div class='uagb-post__text uagb-post-grid-byline'>\n\t\t\t\t\t\t\t\t<time datetime=\"2023-03-14T20:14:00+01:00\" class=\"uagb-post__date\">\n\t\t\t\t<span class=\"dashicons-calendar dashicons\"><\/span>\t\t\t\t\t14 mars 2023\t\t\t\t<\/time>\n\t\t\t\t\t\t<\/div>\n\t\t\t\t\t\t\t<div class='uagb-post__text uagb-post__excerpt'>\n\t\t\t\t\t<p>Voici la nouvelle plaquette de notre s\u00e9jour d&rsquo;\u00e9t\u00e9 2023<\/p>\n\t\t\t\t<\/div>\n\t\t\t\t\t\t\t\t\t\t\t\t<\/article>\n\t\t\t\t\t\t\t\t\t\t\t<\/div>\n\t\t\t<\/div>\n<\/div>\n<\/div>\n\n\n\n<p><\/p>\n","protected":false},"excerpt":{"rendered":"<p>Pr\u00e9sentation Cr\u00e9\u00e9 en 1964 par Robert Lebeau, l\u2019Association familiale Montjoie est une association loi 1901 \u00e0 but non lucratif qui intervient dans le domaine des vacances et des loisirs. Elle organise depuis pr\u00e8s de 60 ans des centres de vacances, s\u00e9jours d\u2019adolescents, s\u00e9jours familles dans l\u2019agglom\u00e9ration Elbeuvienne. Le bureau Projet \u00e9ducatif L\u2019Association Familiale Montjoie est [&hellip;]<\/p>\n","protected":false},"author":1,"featured_media":0,"parent":0,"menu_order":0,"comment_status":"closed","ping_status":"closed","template":"","meta":{"_uag_custom_page_level_css":"","site-sidebar-layout":"default","site-content-layout":"","ast-site-content-layout":"","site-content-style":"default","site-sidebar-style":"default","ast-global-header-display":"","ast-banner-title-visibility":"","ast-main-header-display":"","ast-hfb-above-header-display":"","ast-hfb-below-header-display":"","ast-hfb-mobile-header-display":"","site-post-title":"disabled","ast-breadcrumbs-content":"","ast-featured-img":"","footer-sml-layout":"","theme-transparent-header-meta":"","adv-header-id-meta":"","stick-header-meta":"","header-above-stick-meta":"","header-main-stick-meta":"","header-below-stick-meta":"","astra-migrate-meta-layouts":"default","ast-page-background-enabled":"default","ast-page-background-meta":{"desktop":{"background-color":"var(--ast-global-color-5)","background-image":"","background-repeat":"repeat","background-position":"center center","background-size":"auto","background-attachment":"scroll","background-type":"","background-media":"","overlay-type":"","overlay-color":"","overlay-opacity":"","overlay-gradient":""},"tablet":{"background-color":"","background-image":"","background-repeat":"repeat","background-position":"center center","background-size":"auto","background-attachment":"scroll","background-type":"","background-media":"","overlay-type":"","overlay-color":"","overlay-opacity":"","overlay-gradient":""},"mobile":{"background-color":"","background-image":"","background-repeat":"repeat","background-position":"center center","background-size":"auto","background-attachment":"scroll","background-type":"","background-media":"","overlay-type":"","overlay-color":"","overlay-opacity":"","overlay-gradient":""}},"ast-content-background-meta":{"desktop":{"background-color":"var(--ast-global-color-4)","background-image":"","background-repeat":"repeat","background-position":"center center","background-size":"auto","background-attachment":"scroll","background-type":"","background-media":"","overlay-type":"","overlay-color":"","overlay-opacity":"","overlay-gradient":""},"tablet":{"background-color":"var(--ast-global-color-4)","background-image":"","background-repeat":"repeat","background-position":"center center","background-size":"auto","background-attachment":"scroll","background-type":"","background-media":"","overlay-type":"","overlay-color":"","overlay-opacity":"","overlay-gradient":""},"mobile":{"background-color":"var(--ast-global-color-4)","background-image":"","background-repeat":"repeat","background-position":"center center","background-size":"auto","background-attachment":"scroll","background-type":"","background-media":"","overlay-type":"","overlay-color":"","overlay-opacity":"","overlay-gradient":""}},"footnotes":""},"class_list":["post-97","page","type-page","status-publish","hentry"],"uagb_featured_image_src":{"full":false,"thumbnail":false,"medium":false,"medium_large":false,"large":false,"1536x1536":false,"2048x2048":false},"uagb_author_info":{"display_name":"assomontjoie","author_link":"http:\/\/www.la-petite-fabrique-de-site.com\/site-montjoie\/author\/gl-admin\/"},"uagb_comment_info":0,"uagb_excerpt":"Pr\u00e9sentation Cr\u00e9\u00e9 en 1964 par Robert Lebeau, l\u2019Association familiale Montjoie est une association loi 1901 \u00e0 but non lucratif qui intervient dans le domaine des vacances et des loisirs. Elle organise depuis pr\u00e8s de 60 ans des centres de vacances, s\u00e9jours d\u2019adolescents, s\u00e9jours familles dans l\u2019agglom\u00e9ration Elbeuvienne. Le bureau Projet \u00e9ducatif L\u2019Association Familiale Montjoie est\u2026","_links":{"self":[{"href":"http:\/\/www.la-petite-fabrique-de-site.com\/site-montjoie\/wp-json\/wp\/v2\/pages\/97","targetHints":{"allow":["GET"]}}],"collection":[{"href":"http:\/\/www.la-petite-fabrique-de-site.com\/site-montjoie\/wp-json\/wp\/v2\/pages"}],"about":[{"href":"http:\/\/www.la-petite-fabrique-de-site.com\/site-montjoie\/wp-json\/wp\/v2\/types\/page"}],"author":[{"embeddable":true,"href":"http:\/\/www.la-petite-fabrique-de-site.com\/site-montjoie\/wp-json\/wp\/v2\/users\/1"}],"replies":[{"embeddable":true,"href":"http:\/\/www.la-petite-fabrique-de-site.com\/site-montjoie\/wp-json\/wp\/v2\/comments?post=97"}],"version-history":[{"count":50,"href":"http:\/\/www.la-petite-fabrique-de-site.com\/site-montjoie\/wp-json\/wp\/v2\/pages\/97\/revisions"}],"predecessor-version":[{"id":7732,"href":"http:\/\/www.la-petite-fabrique-de-site.com\/site-montjoie\/wp-json\/wp\/v2\/pages\/97\/revisions\/7732"}],"wp:attachment":[{"href":"http:\/\/www.la-petite-fabrique-de-site.com\/site-montjoie\/wp-json\/wp\/v2\/media?parent=97"}],"curies":[{"name":"wp","href":"https:\/\/api.w.org\/{rel}","templated":true}]}}